{"id":154,"date":"2017-06-16T15:55:08","date_gmt":"2017-06-16T15:55:08","guid":{"rendered":"http:\/\/coeduc.org\/es\/?page_id=154"},"modified":"2025-04-17T13:39:17","modified_gmt":"2025-04-17T18:39:17","slug":"libros-de-texto","status":"publish","type":"page","link":"https:\/\/coeduc.org\/es\/libros-de-texto\/","title":{"rendered":"Libros de Texto"},"content":{"rendered":"<p>[et_pb_section fb_built=&#8221;1&#8243; fullwidth=&#8221;on&#8221; _builder_version=&#8221;4.16&#8243; global_colors_info=&#8221;{}&#8221;][et_pb_fullwidth_header title=&#8221;Libros de Texto&#8221; header_fullscreen=&#8221;on&#8221; header_scroll_down=&#8221;on&#8221; background_overlay_color=&#8221;rgba(0,0,0,0.43)&#8221; admin_label=&#8221;Cabecera ancho completo foto &#038; testimonio &#8221; _builder_version=&#8221;4.16&#8243; background_color=&#8221;rgba(255, 255, 255, 0)&#8221; background_image=&#8221;https:\/\/coeduc.org\/es\/wp-content\/uploads\/2017\/06\/16710866166_320e94f29f_k.jpg&#8221; background_position=&#8221;top_center&#8221; max_width_tablet=&#8221;50px&#8221; global_colors_info=&#8221;{}&#8221; button_one_text_size__hover_enabled=&#8221;off&#8221; button_two_text_size__hover_enabled=&#8221;off&#8221; button_one_text_color__hover_enabled=&#8221;off&#8221; button_two_text_color__hover_enabled=&#8221;off&#8221; button_one_border_width__hover_enabled=&#8221;off&#8221; button_two_border_width__hover_enabled=&#8221;off&#8221; button_one_border_color__hover_enabled=&#8221;off&#8221; button_two_border_color__hover_enabled=&#8221;off&#8221; button_one_border_radius__hover_enabled=&#8221;off&#8221; button_two_border_radius__hover_enabled=&#8221;off&#8221; button_one_letter_spacing__hover_enabled=&#8221;off&#8221; button_two_letter_spacing__hover_enabled=&#8221;off&#8221; button_one_bg_color__hover_enabled=&#8221;off&#8221; button_two_bg_color__hover_enabled=&#8221;off&#8221;]&#8221;El programa de libros de texto me ayuda a mejorar e innovar constantemente.&#8221;<\/p>\n<p>&nbsp;<\/p>\n<p><strong>\u2014Maestra<\/strong><br \/>\n[\/et_pb_fullwidth_header][\/et_pb_section][et_pb_section fb_built=&#8221;1&#8243; _builder_version=&#8221;4.16&#8243; global_colors_info=&#8221;{}&#8221;][et_pb_row column_structure=&#8221;1_3,1_3,1_3&#8243; _builder_version=&#8221;4.16&#8243; background_size=&#8221;initial&#8221; background_position=&#8221;top_left&#8221; background_repeat=&#8221;repeat&#8221; global_colors_info=&#8221;{}&#8221;][et_pb_column type=&#8221;1_3&#8243; _builder_version=&#8221;4.16&#8243; custom_padding=&#8221;|||&#8221; global_colors_info=&#8221;{}&#8221; custom_padding__hover=&#8221;|||&#8221;][et_pb_number_counter title=&#8221;Institutos&#8221; number=&#8221;180&#8243; percent_sign=&#8221;off&#8221; admin_label=&#8221;Contador de numeros&#8211;escuelas&#8221; _builder_version=&#8221;4.23.4&#8243; number_text_color=&#8221;#c56e10&#8243; global_colors_info=&#8221;{}&#8221;][\/et_pb_number_counter][\/et_pb_column][et_pb_column type=&#8221;1_3&#8243; _builder_version=&#8221;4.16&#8243; custom_padding=&#8221;|||&#8221; global_colors_info=&#8221;{}&#8221; custom_padding__hover=&#8221;|||&#8221;][et_pb_number_counter title=&#8221;Estudiantes&#8221; number=&#8221;21,570&#8243; percent_sign=&#8221;off&#8221; admin_label=&#8221;Contador de numeros&#8211;estudiantes&#8221; _builder_version=&#8221;4.23.4&#8243; number_text_color=&#8221;#c56e10&#8243; global_colors_info=&#8221;{}&#8221;][\/et_pb_number_counter][\/et_pb_column][et_pb_column type=&#8221;1_3&#8243; _builder_version=&#8221;4.16&#8243; custom_padding=&#8221;|||&#8221; global_colors_info=&#8221;{}&#8221; custom_padding__hover=&#8221;|||&#8221;][et_pb_number_counter title=&#8221;Libros de texto&#8221; number=&#8221;74,699&#8243; percent_sign=&#8221;off&#8221; admin_label=&#8221;Contador de numeros&#8211;libros de texto&#8221; _builder_version=&#8221;4.23.4&#8243; number_text_color=&#8221;#c56e10&#8243; global_colors_info=&#8221;{}&#8221;][\/et_pb_number_counter][\/et_pb_column][\/et_pb_row][\/et_pb_section][et_pb_section fb_built=&#8221;1&#8243; fullwidth=&#8221;on&#8221; _builder_version=&#8221;4.16&#8243; global_colors_info=&#8221;{}&#8221;][et_pb_fullwidth_header header_fullscreen=&#8221;on&#8221; background_overlay_color=&#8221;rgba(197,110,16,0.75)&#8221; admin_label=&#8221;El problema&#8221; _builder_version=&#8221;4.16&#8243; background_color=&#8221;rgba(0,51,127,0.43)&#8221; background_image=&#8221;https:\/\/coeduc.org\/es\/wp-content\/uploads\/2017\/06\/16710879066_b85358d48f_k.jpg&#8221; max_width_tablet=&#8221;50px&#8221; global_colors_info=&#8221;{}&#8221; button_one_text_size__hover_enabled=&#8221;off&#8221; button_two_text_size__hover_enabled=&#8221;off&#8221; button_one_text_color__hover_enabled=&#8221;off&#8221; button_two_text_color__hover_enabled=&#8221;off&#8221; button_one_border_width__hover_enabled=&#8221;off&#8221; button_two_border_width__hover_enabled=&#8221;off&#8221; button_one_border_color__hover_enabled=&#8221;off&#8221; button_two_border_color__hover_enabled=&#8221;off&#8221; button_one_border_radius__hover_enabled=&#8221;off&#8221; button_two_border_radius__hover_enabled=&#8221;off&#8221; button_one_letter_spacing__hover_enabled=&#8221;off&#8221; button_two_letter_spacing__hover_enabled=&#8221;off&#8221; button_one_bg_color__hover_enabled=&#8221;off&#8221; button_two_bg_color__hover_enabled=&#8221;off&#8221;]<\/p>\n<h3 style=\"text-align: center;\">\u00a1Imag\u00ednese tratar de estudiar sin libros!<\/h3>\n<p><span>M\u00e1s del 90% de los institutos en el \u00e1rea rural de Guatemala no tienen acceso a libros de texto. Sin ellos, los estudiantes desperdician la mayor\u00eda del tiempo de clase copiando del pizarr\u00f3n notas del maestro. No es de sorprenderse que \u00a0pierdan la motivaci\u00f3n y el entusiasmo hacia los estudios y r\u00e1pidamente se retiran. Por cada 10 ni\u00f1os en Guatemala, s\u00f3lo 4 logran llegar hasta primero b\u00e1sico, y solamente 2 se graduar\u00e1n de la secundaria. Asombrosamente, esto quiere decir que el 80% \u00a0o m\u00e1s de j\u00f3venes guatemaltecos en \u00e1reas rurales nunca se grad\u00faan de la secundaria.<\/span><\/p>\n<p>[\/et_pb_fullwidth_header][\/et_pb_section][et_pb_section fb_built=&#8221;1&#8243; _builder_version=&#8221;4.16&#8243; global_colors_info=&#8221;{}&#8221;][et_pb_row _builder_version=&#8221;4.16&#8243; global_colors_info=&#8221;{}&#8221;][et_pb_column type=&#8221;4_4&#8243; _builder_version=&#8221;4.16&#8243; custom_padding=&#8221;|||&#8221; global_colors_info=&#8221;{}&#8221; custom_padding__hover=&#8221;|||&#8221;][et_pb_text admin_label=&#8221;Nuestra soluci\u00f3n&#8221; _builder_version=&#8221;4.27.4&#8243; hover_enabled=&#8221;0&#8243; global_colors_info=&#8221;{}&#8221; sticky_enabled=&#8221;0&#8243;]<\/p>\n<h2 style=\"text-align: center;\"><span style=\"color: #c56e10;\">Los libros de texto cambian todo<\/span><\/h2>\n<p>El Programa de Libros de Texto de \u00a0Cooperaci\u00f3n para la Educaci\u00f3n (COED), tiene una trayectoria de 27 a\u00f1os de \u00e9xito, ya que ha logrado aumentar el contenido cubierto en los salones de clase, mejorar la experiencia de aprendizaje y reducir las tazas de deserci\u00f3n (hasta en un 16%). Estudios demuestran que los j\u00f3venes en Guatemala al permanecer en la escuela, pueden incrementar sus ingresos hasta en un 182%. Con un ingreso mayor, ellos pueden prevenir las dificultades por las que han pasado sus familias por generaciones, rompiendo el ciclo de la pobreza de una vez por todas.<\/p>\n<h2 style=\"text-align: center;\"><span style=\"color: #c56e10;\">C\u00f3mo funciona el programa<\/span><\/h2>\n<p>&nbsp;<\/p>\n<p>COED provee una soluci\u00f3n sostenible y de bajo costo para poder proporcionar a los estudiantes estos vitales recursos educativos. Cada estudiante que participa en el programa \u201cadquiere\u201d, por medio de COED, \u00a0libros de texto de las materias principales como Matem\u00e1tica, Ciencias Naturales, Comunicaci\u00f3n y Lenguaje, y Ciencias Sociales, por una peque\u00f1a contribuci\u00f3n (m\u00e1s o menos de Q11 al mes). COED compra los libros al por mayor directamente de una editorial guatemalteca, asegurando el precio m\u00e1s bajo posible, lo cual contribuye con la econom\u00eda local.<\/p>\n<p>Los maestros tambi\u00e9n reciben capacitaci\u00f3n \u00a0sobre c\u00f3mo utilizar efectivamente los libros de texto en el sal\u00f3n de clase para mejorar los resultados del aprendizaje.<\/p>\n<p>[\/et_pb_text][\/et_pb_column][\/et_pb_row][\/et_pb_section][et_pb_section fb_built=&#8221;1&#8243; admin_label=&#8221;section&#8221; module_class=&#8221;divider-image&#8221; _builder_version=&#8221;4.16&#8243; use_background_color_gradient=&#8221;on&#8221; background_color_gradient_stops=&#8221;#ffffff 0%|rgba(255,255,255,0) 52%&#8221; background_color_gradient_start=&#8221;#ffffff&#8221; background_color_gradient_end=&#8221;rgba(255,255,255,0)&#8221; background_color_gradient_end_position=&#8221;52%&#8221; background_image=&#8221;https:\/\/coeduc.org\/es\/wp-content\/uploads\/2017\/06\/32957946215_92213fd73d_k.jpg&#8221; background_blend=&#8221;overlay&#8221; global_colors_info=&#8221;{}&#8221;][et_pb_row _builder_version=&#8221;4.16&#8243; background_size=&#8221;initial&#8221; background_position=&#8221;top_left&#8221; background_repeat=&#8221;repeat&#8221; global_colors_info=&#8221;{}&#8221;][et_pb_column type=&#8221;4_4&#8243; _builder_version=&#8221;4.16&#8243; custom_padding=&#8221;|||&#8221; global_colors_info=&#8221;{}&#8221; custom_padding__hover=&#8221;|||&#8221;][et_pb_divider show_divider=&#8221;off&#8221; disabled_on=&#8221;on|on|off&#8221; admin_label=&#8221;Separador para deste\u00f1ir de foto&#8211;chicas con libros&#8221; _builder_version=&#8221;4.16&#8243; height=&#8221;100px&#8221; global_colors_info=&#8221;{}&#8221;][\/et_pb_divider][\/et_pb_column][\/et_pb_row][\/et_pb_section][et_pb_section fb_built=&#8221;1&#8243; _builder_version=&#8221;4.16&#8243; background_color_gradient_direction=&#8221;1deg&#8221; global_colors_info=&#8221;{}&#8221;][et_pb_row _builder_version=&#8221;4.16&#8243; background_size=&#8221;initial&#8221; background_position=&#8221;top_left&#8221; background_repeat=&#8221;repeat&#8221; global_colors_info=&#8221;{}&#8221;][et_pb_column type=&#8221;4_4&#8243; _builder_version=&#8221;4.16&#8243; custom_padding=&#8221;|||&#8221; global_colors_info=&#8221;{}&#8221; custom_padding__hover=&#8221;|||&#8221;][et_pb_text admin_label=&#8221;Sustainability&#8221; _builder_version=&#8221;4.16&#8243; global_colors_info=&#8221;{}&#8221;]<\/p>\n<h2 style=\"text-align: center;\"><span style=\"color: #c56e10;\">La sostenibilidad<\/span><\/h2>\n<p>COED dise\u00f1a sus programas para que prosperen y sobrevivan en el futuro.\u00a0Trabajamos cooperativamente con padres de familia, maestros, directores y estudiantes para crear estrategias para el desarrollo educativo en sus comunidades.<\/p>\n<h6 style=\"text-align: center;\">El fondo revolvente<\/h6>\n<p>Todas las contribuciones que aportan los estudiantes se depositan en un fondo administrado por COED. Despu\u00e9s de cinco a\u00f1os, se ha reunido suficiente dinero para comenzar la renovaci\u00f3n de los libros. De esta manera, ya que COED ha hecho la inversi\u00f3n inicial, cada Programa de libros de texto se vuelve 100% autosostenible. Este modelo no es solamente te\u00f3rico: 91% de los establecimientos que han participado en el programa durante por lo menos cinco a\u00f1os, han renovado sus libros de texto con dinero ahorrado en sus fondos revolventes.<\/p>\n<h6 style=\"text-align: center;\">La participaci\u00f3n de las comunidades<\/h6>\n<p>Cuando los programas ya est\u00e1n implementados, los institutos de secundaria se hacen cargo de la administraci\u00f3n diaria que conlleva. Debido a que la comunidad ha invertido econ\u00f3micamente en el programa, tienen un inter\u00e9s personal en que sea exitoso. Todos los miembros de la comunidad escolar experimentan orgullo, confianza y dignidad que proviene de ayudarse a s\u00ed mismos.<\/p>\n<p>[\/et_pb_text][\/et_pb_column][\/et_pb_row][\/et_pb_section][et_pb_section fb_built=&#8221;1&#8243; fullwidth=&#8221;on&#8221; _builder_version=&#8221;4.16&#8243; global_colors_info=&#8221;{}&#8221;][et_pb_fullwidth_header text_orientation=&#8221;right&#8221; header_fullscreen=&#8221;on&#8221; background_overlay_color=&#8221;rgba(255,255,255,0)&#8221; content_orientation=&#8221;bottom&#8221; admin_label=&#8221;Textbook Program Header&#8221; _builder_version=&#8221;4.16&#8243; background_color=&#8221;rgba(0,51,127,0.43)&#8221; background_image=&#8221;https:\/\/coeduc.org\/es\/wp-content\/uploads\/2017\/06\/8553012570_c239c40fed_k.jpg&#8221; max_width_tablet=&#8221;50px&#8221; global_colors_info=&#8221;{}&#8221; button_one_text_size__hover_enabled=&#8221;off&#8221; button_two_text_size__hover_enabled=&#8221;off&#8221; button_one_text_color__hover_enabled=&#8221;off&#8221; button_two_text_color__hover_enabled=&#8221;off&#8221; button_one_border_width__hover_enabled=&#8221;off&#8221; button_two_border_width__hover_enabled=&#8221;off&#8221; button_one_border_color__hover_enabled=&#8221;off&#8221; button_two_border_color__hover_enabled=&#8221;off&#8221; button_one_border_radius__hover_enabled=&#8221;off&#8221; button_two_border_radius__hover_enabled=&#8221;off&#8221; button_one_letter_spacing__hover_enabled=&#8221;off&#8221; button_two_letter_spacing__hover_enabled=&#8221;off&#8221; button_one_bg_color__hover_enabled=&#8221;off&#8221; button_two_bg_color__hover_enabled=&#8221;off&#8221;][\/et_pb_fullwidth_header][\/et_pb_section][et_pb_section fb_built=&#8221;1&#8243; _builder_version=&#8221;4.16&#8243; global_colors_info=&#8221;{}&#8221;][et_pb_row column_structure=&#8221;1_2,1_2&#8243; _builder_version=&#8221;4.16&#8243; background_size=&#8221;initial&#8221; background_position=&#8221;top_left&#8221; background_repeat=&#8221;repeat&#8221; global_colors_info=&#8221;{}&#8221;][et_pb_column type=&#8221;1_2&#8243; _builder_version=&#8221;4.16&#8243; custom_padding=&#8221;|||&#8221; global_colors_info=&#8221;{}&#8221; custom_padding__hover=&#8221;|||&#8221;][et_pb_number_counter title=&#8221;M\u00e1s de tiempo de clases&#8221; number=&#8221;25&#8243; admin_label=&#8221;25%&#8221; _builder_version=&#8221;4.16&#8243; number_text_color=&#8221;#c56e10&#8243; global_colors_info=&#8221;{}&#8221;][\/et_pb_number_counter][et_pb_text admin_label=&#8221;25% m\u00e1s de tiempo de clases&#8221; _builder_version=&#8221;4.16&#8243; global_colors_info=&#8221;{}&#8221;]<\/p>\n<p style=\"text-align: center;\">Con los libros de texto, los docentes del programa, tienen el 25% m\u00e1s de tiempo para involucrar a sus estudiantes en preguntas, discusiones y pensamiento cr\u00edtico.<\/p>\n<p>[\/et_pb_text][\/et_pb_column][et_pb_column type=&#8221;1_2&#8243; _builder_version=&#8221;4.16&#8243; custom_padding=&#8221;|||&#8221; global_colors_info=&#8221;{}&#8221; custom_padding__hover=&#8221;|||&#8221;][et_pb_number_counter title=&#8221;Han renovado sus libros de texto&#8221; number=&#8221;91&#8243; admin_label=&#8221;46%&#8221; _builder_version=&#8221;4.23.4&#8243; number_text_color=&#8221;#c56e10&#8243; global_colors_info=&#8221;{}&#8221;][\/et_pb_number_counter][et_pb_text admin_label=&#8221;tasas de deserci\u00f3n se reducen en un 46%&#8221; _builder_version=&#8221;4.23.4&#8243; global_colors_info=&#8221;{}&#8221;]<\/p>\n<p style=\"text-align: center;\">91% de los establecimientos que han participado en el programa durante por lo menos cinco a\u00f1os, han renovado sus libros de texto con dinero ahorrado en sus fondos revolventes.<\/p>\n<p>[\/et_pb_text][\/et_pb_column][\/et_pb_row][\/et_pb_section]<\/p>\n","protected":false},"excerpt":{"rendered":"<p>&#8220;El programa de libros de texto me ayuda a mejorar e innovar constantemente.&#8221; &nbsp; \u2014Maestra \u00a1Imag\u00ednese tratar de estudiar sin libros! M\u00e1s del 90% de los institutos en el \u00e1rea rural de Guatemala no tienen acceso a libros de texto. Sin ellos, los estudiantes desperdician la mayor\u00eda del tiempo de clase copiando del pizarr\u00f3n notas [&hellip;]<\/p>\n","protected":false},"author":1,"featured_media":0,"parent":0,"menu_order":0,"comment_status":"closed","ping_status":"closed","template":"","meta":{"_et_pb_use_builder":"on","_et_pb_old_content":"","_et_gb_content_width":"","footnotes":""},"class_list":["post-154","page","type-page","status-publish","hentry"],"yoast_head":"<!-- This site is optimized with the Yoast SEO plugin v27.3 - https:\/\/yoast.com\/product\/yoast-seo-wordpress\/ -->\n<title>Libros de Texto - Cooperative for Education<\/title>\n<meta name=\"robots\" content=\"index, follow, max-snippet:-1, max-image-preview:large, max-video-preview:-1\" \/>\n<link rel=\"canonical\" href=\"https:\/\/coeduc.org\/es\/libros-de-texto\/\" \/>\n<meta property=\"og:locale\" content=\"en_US\" \/>\n<meta property=\"og:type\" content=\"article\" \/>\n<meta property=\"og:title\" content=\"Libros de Texto - Cooperative for Education\" \/>\n<meta property=\"og:description\" content=\"&quot;El programa de libros de texto me ayuda a mejorar e innovar constantemente.&quot; &nbsp; \u2014Maestra \u00a1Imag\u00ednese tratar de estudiar sin libros! M\u00e1s del 90% de los institutos en el \u00e1rea rural de Guatemala no tienen acceso a libros de texto. Sin ellos, los estudiantes desperdician la mayor\u00eda del tiempo de clase copiando del pizarr\u00f3n notas [&hellip;]\" \/>\n<meta property=\"og:url\" content=\"https:\/\/coeduc.org\/es\/libros-de-texto\/\" \/>\n<meta property=\"og:site_name\" content=\"Cooperative for Education\" \/>\n<meta property=\"article:modified_time\" content=\"2025-04-17T18:39:17+00:00\" \/>\n<meta name=\"twitter:card\" content=\"summary_large_image\" \/>\n<meta name=\"twitter:label1\" content=\"Est. reading time\" \/>\n\t<meta name=\"twitter:data1\" content=\"3 minutes\" \/>\n<script type=\"application\/ld+json\" class=\"yoast-schema-graph\">{\"@context\":\"https:\\\/\\\/schema.org\",\"@graph\":[{\"@type\":\"WebPage\",\"@id\":\"https:\\\/\\\/coeduc.org\\\/es\\\/libros-de-texto\\\/\",\"url\":\"https:\\\/\\\/coeduc.org\\\/es\\\/libros-de-texto\\\/\",\"name\":\"Libros de Texto - Cooperative for Education\",\"isPartOf\":{\"@id\":\"https:\\\/\\\/coeduc.org\\\/es\\\/#website\"},\"datePublished\":\"2017-06-16T15:55:08+00:00\",\"dateModified\":\"2025-04-17T18:39:17+00:00\",\"breadcrumb\":{\"@id\":\"https:\\\/\\\/coeduc.org\\\/es\\\/libros-de-texto\\\/#breadcrumb\"},\"inLanguage\":\"en-US\",\"potentialAction\":[{\"@type\":\"ReadAction\",\"target\":[\"https:\\\/\\\/coeduc.org\\\/es\\\/libros-de-texto\\\/\"]}]},{\"@type\":\"BreadcrumbList\",\"@id\":\"https:\\\/\\\/coeduc.org\\\/es\\\/libros-de-texto\\\/#breadcrumb\",\"itemListElement\":[{\"@type\":\"ListItem\",\"position\":1,\"name\":\"Home\",\"item\":\"https:\\\/\\\/coeduc.org\\\/es\\\/\"},{\"@type\":\"ListItem\",\"position\":2,\"name\":\"Libros de Texto\"}]},{\"@type\":\"WebSite\",\"@id\":\"https:\\\/\\\/coeduc.org\\\/es\\\/#website\",\"url\":\"https:\\\/\\\/coeduc.org\\\/es\\\/\",\"name\":\"Cooperative for Education\",\"description\":\"Breaking the Cycle of Poverty in Guatemala\",\"potentialAction\":[{\"@type\":\"SearchAction\",\"target\":{\"@type\":\"EntryPoint\",\"urlTemplate\":\"https:\\\/\\\/coeduc.org\\\/es\\\/?s={search_term_string}\"},\"query-input\":{\"@type\":\"PropertyValueSpecification\",\"valueRequired\":true,\"valueName\":\"search_term_string\"}}],\"inLanguage\":\"en-US\"}]}<\/script>\n<!-- \/ Yoast SEO plugin. -->","yoast_head_json":{"title":"Libros de Texto - Cooperative for Education","robots":{"index":"index","follow":"follow","max-snippet":"max-snippet:-1","max-image-preview":"max-image-preview:large","max-video-preview":"max-video-preview:-1"},"canonical":"https:\/\/coeduc.org\/es\/libros-de-texto\/","og_locale":"en_US","og_type":"article","og_title":"Libros de Texto - Cooperative for Education","og_description":"\"El programa de libros de texto me ayuda a mejorar e innovar constantemente.\" &nbsp; \u2014Maestra \u00a1Imag\u00ednese tratar de estudiar sin libros! M\u00e1s del 90% de los institutos en el \u00e1rea rural de Guatemala no tienen acceso a libros de texto. Sin ellos, los estudiantes desperdician la mayor\u00eda del tiempo de clase copiando del pizarr\u00f3n notas [&hellip;]","og_url":"https:\/\/coeduc.org\/es\/libros-de-texto\/","og_site_name":"Cooperative for Education","article_modified_time":"2025-04-17T18:39:17+00:00","twitter_card":"summary_large_image","twitter_misc":{"Est. reading time":"3 minutes"},"schema":{"@context":"https:\/\/schema.org","@graph":[{"@type":"WebPage","@id":"https:\/\/coeduc.org\/es\/libros-de-texto\/","url":"https:\/\/coeduc.org\/es\/libros-de-texto\/","name":"Libros de Texto - Cooperative for Education","isPartOf":{"@id":"https:\/\/coeduc.org\/es\/#website"},"datePublished":"2017-06-16T15:55:08+00:00","dateModified":"2025-04-17T18:39:17+00:00","breadcrumb":{"@id":"https:\/\/coeduc.org\/es\/libros-de-texto\/#breadcrumb"},"inLanguage":"en-US","potentialAction":[{"@type":"ReadAction","target":["https:\/\/coeduc.org\/es\/libros-de-texto\/"]}]},{"@type":"BreadcrumbList","@id":"https:\/\/coeduc.org\/es\/libros-de-texto\/#breadcrumb","itemListElement":[{"@type":"ListItem","position":1,"name":"Home","item":"https:\/\/coeduc.org\/es\/"},{"@type":"ListItem","position":2,"name":"Libros de Texto"}]},{"@type":"WebSite","@id":"https:\/\/coeduc.org\/es\/#website","url":"https:\/\/coeduc.org\/es\/","name":"Cooperative for Education","description":"Breaking the Cycle of Poverty in Guatemala","potentialAction":[{"@type":"SearchAction","target":{"@type":"EntryPoint","urlTemplate":"https:\/\/coeduc.org\/es\/?s={search_term_string}"},"query-input":{"@type":"PropertyValueSpecification","valueRequired":true,"valueName":"search_term_string"}}],"inLanguage":"en-US"}]}},"_links":{"self":[{"href":"https:\/\/coeduc.org\/es\/wp-json\/wp\/v2\/pages\/154","targetHints":{"allow":["GET"]}}],"collection":[{"href":"https:\/\/coeduc.org\/es\/wp-json\/wp\/v2\/pages"}],"about":[{"href":"https:\/\/coeduc.org\/es\/wp-json\/wp\/v2\/types\/page"}],"author":[{"embeddable":true,"href":"https:\/\/coeduc.org\/es\/wp-json\/wp\/v2\/users\/1"}],"replies":[{"embeddable":true,"href":"https:\/\/coeduc.org\/es\/wp-json\/wp\/v2\/comments?post=154"}],"version-history":[{"count":5,"href":"https:\/\/coeduc.org\/es\/wp-json\/wp\/v2\/pages\/154\/revisions"}],"predecessor-version":[{"id":2951,"href":"https:\/\/coeduc.org\/es\/wp-json\/wp\/v2\/pages\/154\/revisions\/2951"}],"wp:attachment":[{"href":"https:\/\/coeduc.org\/es\/wp-json\/wp\/v2\/media?parent=154"}],"curies":[{"name":"wp","href":"https:\/\/api.w.org\/{rel}","templated":true}]}}