{"id":1724,"date":"2018-05-01T14:09:36","date_gmt":"2018-05-01T14:09:36","guid":{"rendered":"http:\/\/coeduc.org\/es\/?page_id=1724"},"modified":"2024-12-11T13:44:45","modified_gmt":"2024-12-11T18:44:45","slug":"galeria-de-videos","status":"publish","type":"page","link":"https:\/\/coeduc.org\/es\/galeria-de-videos\/","title":{"rendered":"Galer\u00eda de videos"},"content":{"rendered":"<p>[et_pb_section fb_built=&#8221;1&#8243; _builder_version=&#8221;4.16&#8243; use_background_color_gradient=&#8221;on&#8221; background_color_gradient_stops=&#8221;#ffffff 0%|#a5bae0 100%&#8221; background_color_gradient_start=&#8221;#ffffff&#8221; background_color_gradient_end=&#8221;#a5bae0&#8243; background_position=&#8221;bottom_center&#8221; background_blend=&#8221;screen&#8221; global_colors_info=&#8221;{}&#8221;][et_pb_row column_structure=&#8221;1_3,1_3,1_3&#8243; _builder_version=&#8221;4.16&#8243; global_colors_info=&#8221;{}&#8221;][et_pb_column type=&#8221;1_3&#8243; _builder_version=&#8221;4.16&#8243; background_color=&#8221;rgba(252,252,252,0.45)&#8221; custom_padding=&#8221;15px|15px|15px|15px&#8221; global_colors_info=&#8221;{}&#8221; custom_padding__hover=&#8221;|||&#8221;][et_pb_video src=&#8221;https:\/\/youtu.be\/6AbWn8MZPko?list=UUNLxQqo6F7gGFzj6q0Q-F1w&#8221; image_src=&#8221;https:\/\/coeduc.org\/es\/wp-content\/uploads\/2018\/05\/Ancelma-thumbnail.jpg&#8221; play_icon_color=&#8221;rgba(255,255,255,0.7)&#8221; admin_label=&#8221;Ancelma&#8221; _builder_version=&#8221;4.16&#8243; global_colors_info=&#8221;{}&#8221;][\/et_pb_video][et_pb_blurb title=&#8221;Ancelma&#8221; admin_label=&#8221;Ancelma Blurb&#8221; _builder_version=&#8221;4.16&#8243; header_level=&#8221;h2&#8243; background_color=&#8221;rgba(255,255,255,0.45)&#8221; text_orientation=&#8221;center&#8221; custom_margin=&#8221;-10px|||&#8221; custom_padding=&#8221;15px|15px|15px|15px&#8221; global_colors_info=&#8221;{}&#8221;]<\/p>\n<p>Conoce a Ancelma, graduada del programa de desarrollo juvenil.<\/p>\n<p>[\/et_pb_blurb][\/et_pb_column][et_pb_column type=&#8221;1_3&#8243; _builder_version=&#8221;4.16&#8243; background_color=&#8221;rgba(255,255,255,0.45)&#8221; custom_padding=&#8221;15px|15px|15px|15px&#8221; global_colors_info=&#8221;{}&#8221; custom_padding__hover=&#8221;|||&#8221;][et_pb_video src=&#8221;https:\/\/youtu.be\/usMEbDCGhEw&#8221; image_src=&#8221;https:\/\/coeduc.org\/es\/wp-content\/uploads\/2018\/05\/Carol-thumbnail.jpg&#8221; play_icon_color=&#8221;rgba(255,255,255,0.7)&#8221; admin_label=&#8221;Carol&#8221; _builder_version=&#8221;4.16&#8243; global_colors_info=&#8221;{}&#8221;][\/et_pb_video][et_pb_blurb title=&#8221;Carol&#8221; admin_label=&#8221;Carol Blurb&#8221; _builder_version=&#8221;4.16&#8243; header_level=&#8221;h2&#8243; background_color=&#8221;rgba(255,255,255,0.45)&#8221; text_orientation=&#8221;center&#8221; custom_margin=&#8221;-10px|||&#8221; custom_padding=&#8221;15px|15px|15px|15px&#8221; global_colors_info=&#8221;{}&#8221;]<\/p>\n<p>Conoce a Carol, graduada del programa de desarrollo juvenil.<\/p>\n<p>[\/et_pb_blurb][\/et_pb_column][et_pb_column type=&#8221;1_3&#8243; _builder_version=&#8221;4.16&#8243; background_color=&#8221;rgba(255,255,255,0.45)&#8221; custom_padding=&#8221;15px|15px|15px|15px&#8221; global_colors_info=&#8221;{}&#8221; custom_padding__hover=&#8221;|||&#8221;][et_pb_video src=&#8221;https:\/\/youtu.be\/F3B_vQgjepY&#8221; image_src=&#8221;https:\/\/coeduc.org\/es\/wp-content\/uploads\/2018\/05\/Lesly-thumbnail.jpg&#8221; play_icon_color=&#8221;rgba(255,255,255,0.7)&#8221; admin_label=&#8221;Lesly&#8221; _builder_version=&#8221;4.16&#8243; global_colors_info=&#8221;{}&#8221;][\/et_pb_video][et_pb_blurb title=&#8221;Lesly&#8221; admin_label=&#8221;Lesly Blurb&#8221; _builder_version=&#8221;4.16&#8243; header_level=&#8221;h2&#8243; background_color=&#8221;rgba(255,255,255,0.45)&#8221; text_orientation=&#8221;center&#8221; custom_margin=&#8221;-10px|||&#8221; custom_padding=&#8221;15px|15px|15px|15px&#8221; global_colors_info=&#8221;{}&#8221;]<\/p>\n<p>Conoce a Lesly, graduada del programa de desarrollo juvenil.<\/p>\n<p>[\/et_pb_blurb][\/et_pb_column][\/et_pb_row][et_pb_row column_structure=&#8221;1_2,1_2&#8243; _builder_version=&#8221;4.16&#8243; global_colors_info=&#8221;{}&#8221;][et_pb_column type=&#8221;1_2&#8243; _builder_version=&#8221;4.16&#8243; background_color=&#8221;rgba(252,252,252,0.45)&#8221; custom_padding=&#8221;15px|15px|15px|15px&#8221; global_colors_info=&#8221;{}&#8221; custom_padding__hover=&#8221;|||&#8221;][et_pb_video src=&#8221;https:\/\/youtu.be\/sod6gR-8E-M&#8221; image_src=&#8221;https:\/\/coeduc.org\/es\/wp-content\/uploads\/2018\/05\/CoEd-thumbnail.jpg&#8221; play_icon_color=&#8221;rgba(255,255,255,0.7)&#8221; admin_label=&#8221;Why support CoEd?&#8221; _builder_version=&#8221;4.16&#8243; global_colors_info=&#8221;{}&#8221;][\/et_pb_video][et_pb_blurb title=&#8221;\u00bfPor qu\u00e9 apoyar a Cooperaci\u00f3n para la Educaci\u00f3n?&#8221; admin_label=&#8221;Why CoEd? Blurb&#8221; _builder_version=&#8221;4.16&#8243; background_color=&#8221;rgba(255,255,255,0.45)&#8221; text_orientation=&#8221;center&#8221; custom_margin=&#8221;-10px|||&#8221; custom_padding=&#8221;15px|15px|15px|15px&#8221; global_colors_info=&#8221;{}&#8221;]<\/p>\n<p>Los donantes, colaboradores, y beneficiarios de Asociaci\u00f3n COED, explican las cualidades que distinguen a esta organizaci\u00f3n de todas las\u00a0dem\u00e1s.\u00a0<\/p>\n<p>[\/et_pb_blurb][\/et_pb_column][et_pb_column type=&#8221;1_2&#8243; _builder_version=&#8221;4.16&#8243; background_color=&#8221;rgba(255,255,255,0.45)&#8221; custom_padding=&#8221;15px|15px|15px|15px&#8221; global_colors_info=&#8221;{}&#8221; custom_padding__hover=&#8221;|||&#8221;][et_pb_video src=&#8221;https:\/\/youtu.be\/vtM5MkPnoqE&#8221; image_src=&#8221;https:\/\/coeduc.org\/es\/wp-content\/uploads\/2018\/05\/CORP-thumbnail.jpg&#8221; play_icon_color=&#8221;rgba(255,255,255,0.7)&#8221; admin_label=&#8221;Spark video&#8221; _builder_version=&#8221;4.16&#8243; global_colors_info=&#8221;{}&#8221;][\/et_pb_video][et_pb_blurb title=&#8221;Programa de Lectura&#8221; admin_label=&#8221;Spark Blurb&#8221; _builder_version=&#8221;4.16&#8243; background_color=&#8221;rgba(255,255,255,0.45)&#8221; text_orientation=&#8221;center&#8221; custom_margin=&#8221;-10px|||&#8221; custom_padding=&#8221;15px|15px|15px|15px&#8221; global_colors_info=&#8221;{}&#8221;]<\/p>\n<p>Aprenda como el Programa de Lectura transforma a estudiantes en lectores capaces y entusiasmados.<\/p>\n<p>[\/et_pb_blurb][\/et_pb_column][\/et_pb_row][\/et_pb_section]<\/p>\n","protected":false},"excerpt":{"rendered":"<p>Conoce a Ancelma, graduada del programa de desarrollo juvenil.Conoce a Carol, graduada del programa de desarrollo juvenil.Conoce a Lesly, graduada del programa de desarrollo juvenil.Los donantes, colaboradores, y beneficiarios de Asociaci\u00f3n COED, explican las cualidades que distinguen a esta organizaci\u00f3n de todas las\u00a0dem\u00e1s.\u00a0Aprenda como el Programa de Lectura transforma a estudiantes en lectores capaces y [&hellip;]<\/p>\n","protected":false},"author":1,"featured_media":0,"parent":0,"menu_order":0,"comment_status":"closed","ping_status":"closed","template":"","meta":{"_et_pb_use_builder":"on","_et_pb_old_content":"","_et_gb_content_width":"","footnotes":""},"class_list":["post-1724","page","type-page","status-publish","hentry"],"yoast_head":"<!-- This site is optimized with the Yoast SEO plugin v27.3 - https:\/\/yoast.com\/product\/yoast-seo-wordpress\/ -->\n<title>Galer\u00eda de videos - Cooperative for Education<\/title>\n<meta name=\"robots\" content=\"index, follow, max-snippet:-1, max-image-preview:large, max-video-preview:-1\" \/>\n<link rel=\"canonical\" href=\"https:\/\/coeduc.org\/es\/galeria-de-videos\/\" \/>\n<meta property=\"og:locale\" content=\"en_US\" \/>\n<meta property=\"og:type\" content=\"article\" \/>\n<meta property=\"og:title\" content=\"Galer\u00eda de videos - Cooperative for Education\" \/>\n<meta property=\"og:description\" content=\"Conoce a Ancelma, graduada del programa de desarrollo juvenil.Conoce a Carol, graduada del programa de desarrollo juvenil.Conoce a Lesly, graduada del programa de desarrollo juvenil.Los donantes, colaboradores, y beneficiarios de Asociaci\u00f3n COED, explican las cualidades que distinguen a esta organizaci\u00f3n de todas las\u00a0dem\u00e1s.\u00a0Aprenda como el Programa de Lectura transforma a estudiantes en lectores capaces y [&hellip;]\" \/>\n<meta property=\"og:url\" content=\"https:\/\/coeduc.org\/es\/galeria-de-videos\/\" \/>\n<meta property=\"og:site_name\" content=\"Cooperative for Education\" \/>\n<meta property=\"article:modified_time\" content=\"2024-12-11T18:44:45+00:00\" \/>\n<meta name=\"twitter:card\" content=\"summary_large_image\" \/>\n<meta name=\"twitter:label1\" content=\"Est. reading time\" \/>\n\t<meta name=\"twitter:data1\" content=\"1 minute\" \/>\n<script type=\"application\/ld+json\" class=\"yoast-schema-graph\">{\"@context\":\"https:\\\/\\\/schema.org\",\"@graph\":[{\"@type\":\"WebPage\",\"@id\":\"https:\\\/\\\/coeduc.org\\\/es\\\/galeria-de-videos\\\/\",\"url\":\"https:\\\/\\\/coeduc.org\\\/es\\\/galeria-de-videos\\\/\",\"name\":\"Galer\u00eda de videos - Cooperative for Education\",\"isPartOf\":{\"@id\":\"https:\\\/\\\/coeduc.org\\\/es\\\/#website\"},\"datePublished\":\"2018-05-01T14:09:36+00:00\",\"dateModified\":\"2024-12-11T18:44:45+00:00\",\"breadcrumb\":{\"@id\":\"https:\\\/\\\/coeduc.org\\\/es\\\/galeria-de-videos\\\/#breadcrumb\"},\"inLanguage\":\"en-US\",\"potentialAction\":[{\"@type\":\"ReadAction\",\"target\":[\"https:\\\/\\\/coeduc.org\\\/es\\\/galeria-de-videos\\\/\"]}]},{\"@type\":\"BreadcrumbList\",\"@id\":\"https:\\\/\\\/coeduc.org\\\/es\\\/galeria-de-videos\\\/#breadcrumb\",\"itemListElement\":[{\"@type\":\"ListItem\",\"position\":1,\"name\":\"Home\",\"item\":\"https:\\\/\\\/coeduc.org\\\/es\\\/\"},{\"@type\":\"ListItem\",\"position\":2,\"name\":\"Galer\u00eda de videos\"}]},{\"@type\":\"WebSite\",\"@id\":\"https:\\\/\\\/coeduc.org\\\/es\\\/#website\",\"url\":\"https:\\\/\\\/coeduc.org\\\/es\\\/\",\"name\":\"Cooperative for Education\",\"description\":\"Breaking the Cycle of Poverty in Guatemala\",\"potentialAction\":[{\"@type\":\"SearchAction\",\"target\":{\"@type\":\"EntryPoint\",\"urlTemplate\":\"https:\\\/\\\/coeduc.org\\\/es\\\/?s={search_term_string}\"},\"query-input\":{\"@type\":\"PropertyValueSpecification\",\"valueRequired\":true,\"valueName\":\"search_term_string\"}}],\"inLanguage\":\"en-US\"}]}<\/script>\n<!-- \/ Yoast SEO plugin. -->","yoast_head_json":{"title":"Galer\u00eda de videos - Cooperative for Education","robots":{"index":"index","follow":"follow","max-snippet":"max-snippet:-1","max-image-preview":"max-image-preview:large","max-video-preview":"max-video-preview:-1"},"canonical":"https:\/\/coeduc.org\/es\/galeria-de-videos\/","og_locale":"en_US","og_type":"article","og_title":"Galer\u00eda de videos - Cooperative for Education","og_description":"Conoce a Ancelma, graduada del programa de desarrollo juvenil.Conoce a Carol, graduada del programa de desarrollo juvenil.Conoce a Lesly, graduada del programa de desarrollo juvenil.Los donantes, colaboradores, y beneficiarios de Asociaci\u00f3n COED, explican las cualidades que distinguen a esta organizaci\u00f3n de todas las\u00a0dem\u00e1s.\u00a0Aprenda como el Programa de Lectura transforma a estudiantes en lectores capaces y [&hellip;]","og_url":"https:\/\/coeduc.org\/es\/galeria-de-videos\/","og_site_name":"Cooperative for Education","article_modified_time":"2024-12-11T18:44:45+00:00","twitter_card":"summary_large_image","twitter_misc":{"Est. reading time":"1 minute"},"schema":{"@context":"https:\/\/schema.org","@graph":[{"@type":"WebPage","@id":"https:\/\/coeduc.org\/es\/galeria-de-videos\/","url":"https:\/\/coeduc.org\/es\/galeria-de-videos\/","name":"Galer\u00eda de videos - Cooperative for Education","isPartOf":{"@id":"https:\/\/coeduc.org\/es\/#website"},"datePublished":"2018-05-01T14:09:36+00:00","dateModified":"2024-12-11T18:44:45+00:00","breadcrumb":{"@id":"https:\/\/coeduc.org\/es\/galeria-de-videos\/#breadcrumb"},"inLanguage":"en-US","potentialAction":[{"@type":"ReadAction","target":["https:\/\/coeduc.org\/es\/galeria-de-videos\/"]}]},{"@type":"BreadcrumbList","@id":"https:\/\/coeduc.org\/es\/galeria-de-videos\/#breadcrumb","itemListElement":[{"@type":"ListItem","position":1,"name":"Home","item":"https:\/\/coeduc.org\/es\/"},{"@type":"ListItem","position":2,"name":"Galer\u00eda de videos"}]},{"@type":"WebSite","@id":"https:\/\/coeduc.org\/es\/#website","url":"https:\/\/coeduc.org\/es\/","name":"Cooperative for Education","description":"Breaking the Cycle of Poverty in Guatemala","potentialAction":[{"@type":"SearchAction","target":{"@type":"EntryPoint","urlTemplate":"https:\/\/coeduc.org\/es\/?s={search_term_string}"},"query-input":{"@type":"PropertyValueSpecification","valueRequired":true,"valueName":"search_term_string"}}],"inLanguage":"en-US"}]}},"_links":{"self":[{"href":"https:\/\/coeduc.org\/es\/wp-json\/wp\/v2\/pages\/1724","targetHints":{"allow":["GET"]}}],"collection":[{"href":"https:\/\/coeduc.org\/es\/wp-json\/wp\/v2\/pages"}],"about":[{"href":"https:\/\/coeduc.org\/es\/wp-json\/wp\/v2\/types\/page"}],"author":[{"embeddable":true,"href":"https:\/\/coeduc.org\/es\/wp-json\/wp\/v2\/users\/1"}],"replies":[{"embeddable":true,"href":"https:\/\/coeduc.org\/es\/wp-json\/wp\/v2\/comments?post=1724"}],"version-history":[{"count":5,"href":"https:\/\/coeduc.org\/es\/wp-json\/wp\/v2\/pages\/1724\/revisions"}],"predecessor-version":[{"id":2877,"href":"https:\/\/coeduc.org\/es\/wp-json\/wp\/v2\/pages\/1724\/revisions\/2877"}],"wp:attachment":[{"href":"https:\/\/coeduc.org\/es\/wp-json\/wp\/v2\/media?parent=1724"}],"curies":[{"name":"wp","href":"https:\/\/api.w.org\/{rel}","templated":true}]}}