{"id":413,"date":"2017-10-11T18:05:55","date_gmt":"2017-10-11T18:05:55","guid":{"rendered":"http:\/\/coeduc.org\/es\/?page_id=413"},"modified":"2025-06-11T13:22:06","modified_gmt":"2025-06-11T18:22:06","slug":"a-quien-servimos","status":"publish","type":"page","link":"https:\/\/coeduc.org\/es\/a-quien-servimos\/","title":{"rendered":"A qui\u00e9nes servimos"},"content":{"rendered":"<p>[et_pb_section fb_built=&#8221;1&#8243; _builder_version=&#8221;4.16&#8243; background_color=&#8221;rgba(0,0,0,0.44)&#8221; background_image=&#8221;https:\/\/coeduc.org\/es\/wp-content\/uploads\/2017\/10\/20278467279_bbe6c3ab91_k.jpg&#8221; background_blend=&#8221;multiply&#8221; global_colors_info=&#8221;{}&#8221;][et_pb_row _builder_version=&#8221;4.16&#8243; background_size=&#8221;initial&#8221; background_position=&#8221;top_left&#8221; background_repeat=&#8221;repeat&#8221; global_colors_info=&#8221;{}&#8221;][et_pb_column type=&#8221;4_4&#8243; _builder_version=&#8221;4.16&#8243; custom_padding=&#8221;|||&#8221; global_colors_info=&#8221;{}&#8221; custom_padding__hover=&#8221;|||&#8221;][et_pb_text admin_label=&#8221;A quien servimos&#8221; module_id=&#8221;map&#8221; _builder_version=&#8221;4.27.4&#8243; background_layout=&#8221;dark&#8221; global_colors_info=&#8221;{}&#8221;]<\/p>\n<h1 style=\"text-align: center;\">A Quien Servimos<\/h1>\n<h6>COED atiende principalmente a la ni\u00f1ez y juventud ind\u00edgena, que viven en comunidades remotas de la regi\u00f3n monta\u00f1osa central y oeste de Guatemala. Hemos servido a m\u00e1s de 295,000 estudiantes en 371 escuelas e institutos.<\/h6>\n<p><strong>Programa de Libros de Texto:<\/strong> Naranja<br \/><strong>Programa de Centros de Tecnolog\u00eda Educativa:<\/strong> Azul<br \/><strong>Programa de Lectura:<\/strong> Morado<br \/><strong>Programa de Desarrollo Juvenil:<\/strong> Verde<\/p>\n<p>[\/et_pb_text][et_pb_button button_url=&#8221;https:\/\/coeduc.org\/es\/resultados\/&#8221; button_text=&#8221;Ver los resultados asombrosos!&#8221; button_alignment=&#8221;center&#8221; admin_label=&#8221;Button&#8211;Resultados&#8221; _builder_version=&#8221;4.16&#8243; background_layout=&#8221;dark&#8221; global_colors_info=&#8221;{}&#8221; button_text_size__hover_enabled=&#8221;off&#8221; button_one_text_size__hover_enabled=&#8221;off&#8221; button_two_text_size__hover_enabled=&#8221;off&#8221; button_text_color__hover_enabled=&#8221;off&#8221; button_one_text_color__hover_enabled=&#8221;off&#8221; button_two_text_color__hover_enabled=&#8221;off&#8221; button_border_width__hover_enabled=&#8221;off&#8221; button_one_border_width__hover_enabled=&#8221;off&#8221; button_two_border_width__hover_enabled=&#8221;off&#8221; button_border_color__hover_enabled=&#8221;off&#8221; button_one_border_color__hover_enabled=&#8221;off&#8221; button_two_border_color__hover_enabled=&#8221;off&#8221; button_border_radius__hover_enabled=&#8221;off&#8221; button_one_border_radius__hover_enabled=&#8221;off&#8221; button_two_border_radius__hover_enabled=&#8221;off&#8221; button_letter_spacing__hover_enabled=&#8221;off&#8221; button_one_letter_spacing__hover_enabled=&#8221;off&#8221; button_two_letter_spacing__hover_enabled=&#8221;off&#8221; button_bg_color__hover_enabled=&#8221;off&#8221; button_one_bg_color__hover_enabled=&#8221;off&#8221; button_two_bg_color__hover_enabled=&#8221;off&#8221;][\/et_pb_button][et_pb_text admin_label=&#8221;Map&#8221; _builder_version=&#8221;4.16&#8243; border_style=&#8221;solid&#8221; global_colors_info=&#8221;{}&#8221;]<center><iframe loading=\"lazy\" src=\"https:\/\/www.google.com\/maps\/d\/embed?mid=1q2GaBOLlIrEzeS2DbnWTzMRIbqg\" width=\"640\" height=\"480\"><\/iframe><\/center>[\/et_pb_text][\/et_pb_column][\/et_pb_row][\/et_pb_section][et_pb_section fb_built=&#8221;1&#8243; _builder_version=&#8221;4.16&#8243; global_colors_info=&#8221;{}&#8221;][et_pb_row _builder_version=&#8221;4.16&#8243; global_colors_info=&#8221;{}&#8221;][et_pb_column type=&#8221;4_4&#8243; _builder_version=&#8221;4.16&#8243; custom_padding=&#8221;|||&#8221; global_colors_info=&#8221;{}&#8221; custom_padding__hover=&#8221;|||&#8221;][et_pb_toggle title=&#8221;Listado de institutos con el Programa de Libros de Texto&#8221; icon_color=&#8221;#c56e10&#8243; open_icon_color=&#8221;#c56e10&#8243; admin_label=&#8221;Listado de institutos con el programa de libros de texto&#8221; _builder_version=&#8221;4.16&#8243; title_text_color=&#8221;#c56e10&#8243; global_colors_info=&#8221;{}&#8221;]<div id=\"footable_parent_1757\"\n         class=\" footable_parent ninja_table_wrapper loading_ninja_table wp_table_data_press_parent bootstrap3 \">\n                <table data-ninja_table_instance=\"ninja_table_instance_0\" data-footable_id=\"1757\" data-filter-delay=\"1000\" aria-label=\"Listado de institutos con el programa de textos\"            id=\"footable_1757\"\n           data-unique_identifier=\"ninja_table_unique_id_3911594133_1757\"\n           class=\" foo-table ninja_footable foo_table_1757 ninja_table_unique_id_3911594133_1757 table  nt_type_ajax_table  footable-paging-right\">\n                <colgroup>\n                            <col class=\"ninja_column_0 \">\n                            <col class=\"ninja_column_1 \">\n                    <\/colgroup>\n            <\/table>\n    \n    \n    \n<\/div>\n<br \/>\n[\/et_pb_toggle][et_pb_toggle title=&#8221;Listado de institutos con Centros de Tecnolog\u00eda Educativa&#8221; icon_color=&#8221;#5b9641&#8243; open_icon_color=&#8221;#5b9641&#8243; admin_label=&#8221;Listado de institutos con centros de tecnolog\u00eda educativa&#8221; _builder_version=&#8221;4.16&#8243; title_text_color=&#8221;#5b9641&#8243; global_colors_info=&#8221;{}&#8221;]<div id=\"footable_parent_1654\"\n         class=\" footable_parent ninja_table_wrapper loading_ninja_table wp_table_data_press_parent bootstrap3 \">\n                <table data-ninja_table_instance=\"ninja_table_instance_1\" data-footable_id=\"1654\" data-filter-delay=\"1000\" aria-label=\"Listado de institutos con centros de tecnolog\u00eda educativa\"            id=\"footable_1654\"\n           data-unique_identifier=\"ninja_table_unique_id_4024963985_1654\"\n           class=\" foo-table ninja_footable foo_table_1654 ninja_table_unique_id_4024963985_1654 table  nt_type_ajax_table  footable-paging-right\">\n                <colgroup>\n                            <col class=\"ninja_column_0 \">\n                            <col class=\"ninja_column_1 \">\n                    <\/colgroup>\n            <\/table>\n    \n    \n    \n<\/div>\n<br \/>\n[\/et_pb_toggle][et_pb_toggle title=&#8221;Listado de escuelas con el Programa de Lectura&#8221; icon_color=&#8221;#bd4148&#8243; open_icon_color=&#8221;#bd4148&#8243; admin_label=&#8221;Listado de escuelas con el programa cultura por la lectura&#8221; _builder_version=&#8221;4.16&#8243; title_text_color=&#8221;#bd4148&#8243; global_colors_info=&#8221;{}&#8221;]<div id=\"footable_parent_1759\"\n         class=\" footable_parent ninja_table_wrapper loading_ninja_table wp_table_data_press_parent bootstrap3 \">\n                <table data-ninja_table_instance=\"ninja_table_instance_2\" data-footable_id=\"1759\" data-filter-delay=\"1000\" aria-label=\"Listada de escuelas con el Programa de Lectura\"            id=\"footable_1759\"\n           data-unique_identifier=\"ninja_table_unique_id_3259103013_1759\"\n           class=\" foo-table ninja_footable foo_table_1759 ninja_table_unique_id_3259103013_1759 table  nt_type_ajax_table  footable-paging-right\">\n                <colgroup>\n                            <col class=\"ninja_column_0 \">\n                            <col class=\"ninja_column_1 \">\n                            <col class=\"ninja_column_2 \">\n                    <\/colgroup>\n            <\/table>\n    \n    \n    \n<\/div>\n<br \/>\n[\/et_pb_toggle][et_pb_toggle title=&#8221;Listado de comunidades con el Programa de Desarrollo Juvenil&#8221; icon_color=&#8221;#44cccc&#8221; open_icon_color=&#8221;#44cccc&#8221; admin_label=&#8221;Listado de comunidades con el programa de desarrollo juvenil&#8221; _builder_version=&#8221;4.16&#8243; title_text_color=&#8221;#44cccc&#8221; global_colors_info=&#8221;{}&#8221;]<div id=\"footable_parent_1650\"\n         class=\" footable_parent ninja_table_wrapper loading_ninja_table wp_table_data_press_parent bootstrap3 \">\n                <table data-ninja_table_instance=\"ninja_table_instance_3\" data-footable_id=\"1650\" data-filter-delay=\"1000\" aria-label=\"Listado de comunidades con el pograma de desarrollo juvenil\"            id=\"footable_1650\"\n           data-unique_identifier=\"ninja_table_unique_id_4098604181_1650\"\n           class=\" foo-table ninja_footable foo_table_1650 ninja_table_unique_id_4098604181_1650 table  nt_type_ajax_table  footable-paging-right\">\n                <colgroup>\n                            <col class=\"ninja_column_0 \">\n                            <col class=\"ninja_column_1 \">\n                    <\/colgroup>\n            <\/table>\n    \n    \n    \n<\/div>\n<br \/>\n[\/et_pb_toggle][\/et_pb_column][\/et_pb_row][\/et_pb_section]<\/p>\n","protected":false},"excerpt":{"rendered":"<p>A Quien Servimos COED atiende principalmente a la ni\u00f1ez y juventud ind\u00edgena, que viven en comunidades remotas de la regi\u00f3n monta\u00f1osa central y oeste de Guatemala. Hemos servido a m\u00e1s de 295,000 estudiantes en 371 escuelas e institutos. Programa de Libros de Texto: NaranjaPrograma de Centros de Tecnolog\u00eda Educativa: AzulPrograma de Lectura: MoradoPrograma de Desarrollo [&hellip;]<\/p>\n","protected":false},"author":1,"featured_media":0,"parent":0,"menu_order":0,"comment_status":"closed","ping_status":"closed","template":"","meta":{"_et_pb_use_builder":"on","_et_pb_old_content":"","_et_gb_content_width":"","footnotes":""},"class_list":["post-413","page","type-page","status-publish","hentry"],"yoast_head":"<!-- This site is optimized with the Yoast SEO plugin v27.3 - https:\/\/yoast.com\/product\/yoast-seo-wordpress\/ -->\n<title>A qui\u00e9nes servimos - Cooperative for Education<\/title>\n<meta name=\"robots\" content=\"index, follow, max-snippet:-1, max-image-preview:large, max-video-preview:-1\" \/>\n<link rel=\"canonical\" href=\"https:\/\/coeduc.org\/es\/a-quien-servimos\/\" \/>\n<meta property=\"og:locale\" content=\"en_US\" \/>\n<meta property=\"og:type\" content=\"article\" \/>\n<meta property=\"og:title\" content=\"A qui\u00e9nes servimos - Cooperative for Education\" \/>\n<meta property=\"og:description\" content=\"A Quien Servimos COED atiende principalmente a la ni\u00f1ez y juventud ind\u00edgena, que viven en comunidades remotas de la regi\u00f3n monta\u00f1osa central y oeste de Guatemala. Hemos servido a m\u00e1s de 295,000 estudiantes en 371 escuelas e institutos. Programa de Libros de Texto: NaranjaPrograma de Centros de Tecnolog\u00eda Educativa: AzulPrograma de Lectura: MoradoPrograma de Desarrollo [&hellip;]\" \/>\n<meta property=\"og:url\" content=\"https:\/\/coeduc.org\/es\/a-quien-servimos\/\" \/>\n<meta property=\"og:site_name\" content=\"Cooperative for Education\" \/>\n<meta property=\"article:modified_time\" content=\"2025-06-11T18:22:06+00:00\" \/>\n<meta name=\"twitter:card\" content=\"summary_large_image\" \/>\n<meta name=\"twitter:label1\" content=\"Est. reading time\" \/>\n\t<meta name=\"twitter:data1\" content=\"1 minute\" \/>\n<script type=\"application\/ld+json\" class=\"yoast-schema-graph\">{\"@context\":\"https:\\\/\\\/schema.org\",\"@graph\":[{\"@type\":\"WebPage\",\"@id\":\"https:\\\/\\\/coeduc.org\\\/es\\\/a-quien-servimos\\\/\",\"url\":\"https:\\\/\\\/coeduc.org\\\/es\\\/a-quien-servimos\\\/\",\"name\":\"A qui\u00e9nes servimos - Cooperative for Education\",\"isPartOf\":{\"@id\":\"https:\\\/\\\/coeduc.org\\\/es\\\/#website\"},\"datePublished\":\"2017-10-11T18:05:55+00:00\",\"dateModified\":\"2025-06-11T18:22:06+00:00\",\"breadcrumb\":{\"@id\":\"https:\\\/\\\/coeduc.org\\\/es\\\/a-quien-servimos\\\/#breadcrumb\"},\"inLanguage\":\"en-US\",\"potentialAction\":[{\"@type\":\"ReadAction\",\"target\":[\"https:\\\/\\\/coeduc.org\\\/es\\\/a-quien-servimos\\\/\"]}]},{\"@type\":\"BreadcrumbList\",\"@id\":\"https:\\\/\\\/coeduc.org\\\/es\\\/a-quien-servimos\\\/#breadcrumb\",\"itemListElement\":[{\"@type\":\"ListItem\",\"position\":1,\"name\":\"Home\",\"item\":\"https:\\\/\\\/coeduc.org\\\/es\\\/\"},{\"@type\":\"ListItem\",\"position\":2,\"name\":\"A qui\u00e9nes servimos\"}]},{\"@type\":\"WebSite\",\"@id\":\"https:\\\/\\\/coeduc.org\\\/es\\\/#website\",\"url\":\"https:\\\/\\\/coeduc.org\\\/es\\\/\",\"name\":\"Cooperative for Education\",\"description\":\"Breaking the Cycle of Poverty in Guatemala\",\"potentialAction\":[{\"@type\":\"SearchAction\",\"target\":{\"@type\":\"EntryPoint\",\"urlTemplate\":\"https:\\\/\\\/coeduc.org\\\/es\\\/?s={search_term_string}\"},\"query-input\":{\"@type\":\"PropertyValueSpecification\",\"valueRequired\":true,\"valueName\":\"search_term_string\"}}],\"inLanguage\":\"en-US\"}]}<\/script>\n<!-- \/ Yoast SEO plugin. -->","yoast_head_json":{"title":"A qui\u00e9nes servimos - Cooperative for Education","robots":{"index":"index","follow":"follow","max-snippet":"max-snippet:-1","max-image-preview":"max-image-preview:large","max-video-preview":"max-video-preview:-1"},"canonical":"https:\/\/coeduc.org\/es\/a-quien-servimos\/","og_locale":"en_US","og_type":"article","og_title":"A qui\u00e9nes servimos - Cooperative for Education","og_description":"A Quien Servimos COED atiende principalmente a la ni\u00f1ez y juventud ind\u00edgena, que viven en comunidades remotas de la regi\u00f3n monta\u00f1osa central y oeste de Guatemala. Hemos servido a m\u00e1s de 295,000 estudiantes en 371 escuelas e institutos. Programa de Libros de Texto: NaranjaPrograma de Centros de Tecnolog\u00eda Educativa: AzulPrograma de Lectura: MoradoPrograma de Desarrollo [&hellip;]","og_url":"https:\/\/coeduc.org\/es\/a-quien-servimos\/","og_site_name":"Cooperative for Education","article_modified_time":"2025-06-11T18:22:06+00:00","twitter_card":"summary_large_image","twitter_misc":{"Est. reading time":"1 minute"},"schema":{"@context":"https:\/\/schema.org","@graph":[{"@type":"WebPage","@id":"https:\/\/coeduc.org\/es\/a-quien-servimos\/","url":"https:\/\/coeduc.org\/es\/a-quien-servimos\/","name":"A qui\u00e9nes servimos - Cooperative for Education","isPartOf":{"@id":"https:\/\/coeduc.org\/es\/#website"},"datePublished":"2017-10-11T18:05:55+00:00","dateModified":"2025-06-11T18:22:06+00:00","breadcrumb":{"@id":"https:\/\/coeduc.org\/es\/a-quien-servimos\/#breadcrumb"},"inLanguage":"en-US","potentialAction":[{"@type":"ReadAction","target":["https:\/\/coeduc.org\/es\/a-quien-servimos\/"]}]},{"@type":"BreadcrumbList","@id":"https:\/\/coeduc.org\/es\/a-quien-servimos\/#breadcrumb","itemListElement":[{"@type":"ListItem","position":1,"name":"Home","item":"https:\/\/coeduc.org\/es\/"},{"@type":"ListItem","position":2,"name":"A qui\u00e9nes servimos"}]},{"@type":"WebSite","@id":"https:\/\/coeduc.org\/es\/#website","url":"https:\/\/coeduc.org\/es\/","name":"Cooperative for Education","description":"Breaking the Cycle of Poverty in Guatemala","potentialAction":[{"@type":"SearchAction","target":{"@type":"EntryPoint","urlTemplate":"https:\/\/coeduc.org\/es\/?s={search_term_string}"},"query-input":{"@type":"PropertyValueSpecification","valueRequired":true,"valueName":"search_term_string"}}],"inLanguage":"en-US"}]}},"_links":{"self":[{"href":"https:\/\/coeduc.org\/es\/wp-json\/wp\/v2\/pages\/413","targetHints":{"allow":["GET"]}}],"collection":[{"href":"https:\/\/coeduc.org\/es\/wp-json\/wp\/v2\/pages"}],"about":[{"href":"https:\/\/coeduc.org\/es\/wp-json\/wp\/v2\/types\/page"}],"author":[{"embeddable":true,"href":"https:\/\/coeduc.org\/es\/wp-json\/wp\/v2\/users\/1"}],"replies":[{"embeddable":true,"href":"https:\/\/coeduc.org\/es\/wp-json\/wp\/v2\/comments?post=413"}],"version-history":[{"count":5,"href":"https:\/\/coeduc.org\/es\/wp-json\/wp\/v2\/pages\/413\/revisions"}],"predecessor-version":[{"id":2965,"href":"https:\/\/coeduc.org\/es\/wp-json\/wp\/v2\/pages\/413\/revisions\/2965"}],"wp:attachment":[{"href":"https:\/\/coeduc.org\/es\/wp-json\/wp\/v2\/media?parent=413"}],"curies":[{"name":"wp","href":"https:\/\/api.w.org\/{rel}","templated":true}]}}