{"id":439,"date":"2017-10-11T18:13:09","date_gmt":"2017-10-11T18:13:09","guid":{"rendered":"http:\/\/coeduc.org\/es\/?page_id=439"},"modified":"2025-06-11T16:05:13","modified_gmt":"2025-06-11T21:05:13","slug":"mision-vision","status":"publish","type":"page","link":"https:\/\/coeduc.org\/es\/mision-vision\/","title":{"rendered":"Misi\u00f3n y visi\u00f3n"},"content":{"rendered":"<p>[et_pb_section fb_built=&#8221;1&#8243; fullwidth=&#8221;on&#8221; _builder_version=&#8221;4.16&#8243; global_colors_info=&#8221;{}&#8221;][et_pb_fullwidth_header title=&#8221;Misi\u00f3n&#8221; header_fullscreen=&#8221;on&#8221; header_scroll_down=&#8221;on&#8221; background_overlay_color=&#8221;rgba(0,0,0,0.5)&#8221; image_orientation=&#8221;bottom&#8221; admin_label=&#8221;Misi\u00f3n&#8221; _builder_version=&#8221;4.27.4&#8243; background_color=&#8221;rgba(255, 255, 255, 0)&#8221; background_image=&#8221;https:\/\/coeduc.org\/es\/wp-content\/uploads\/2017\/10\/8367822782_e7c3c45fa7_k-1.jpg&#8221; background_position=&#8221;top_center&#8221; max_width_tablet=&#8221;50px&#8221; global_colors_info=&#8221;{}&#8221; button_one_text_size__hover_enabled=&#8221;off&#8221; button_two_text_size__hover_enabled=&#8221;off&#8221; button_one_text_color__hover_enabled=&#8221;off&#8221; button_two_text_color__hover_enabled=&#8221;off&#8221; button_one_border_width__hover_enabled=&#8221;off&#8221; button_two_border_width__hover_enabled=&#8221;off&#8221; button_one_border_color__hover_enabled=&#8221;off&#8221; button_two_border_color__hover_enabled=&#8221;off&#8221; button_one_border_radius__hover_enabled=&#8221;off&#8221; button_two_border_radius__hover_enabled=&#8221;off&#8221; button_one_letter_spacing__hover_enabled=&#8221;off&#8221; button_two_letter_spacing__hover_enabled=&#8221;off&#8221; button_one_bg_color__hover_enabled=&#8221;off&#8221; button_two_bg_color__hover_enabled=&#8221;off&#8221;]<\/p>\n<h4>Nuestra misi\u00f3n es apoyar a los estudiantes guatemaltecos para que rompan el ciclo de la pobreza a trav\u00e9s de la educaci\u00f3n.<\/h4>\n<p>COED cumple con esta misi\u00f3n entregando programas educativos en institutos de escasos recursos. A trav\u00e9s de estos programas, COED dirige directamente su esfuerzo a la ra\u00edz del problema, la pobreza.<\/p>\n<p>A trav\u00e9s de nuestros cuatro programas\u00a0 hemos logrado llegar a m\u00e1s de 295,000 estudiantes guatemaltecos del \u00e1rea rural, d\u00e1ndoles la oportunidad de tener por primera vez un libro de texto, utilizar una computadora, desarrollar h\u00e1bitos de lectura o recibir apoyo para continuar sus estudios. As\u00ed mismo hemos logrado desarrollar mecanismos de sostenibilidad y planes de capacitaci\u00f3n que fomentan la disciplina y la conciencia en los participantes y sus comunidades. Tenemos el firme compromiso de seguir adelante para continuar aportando al desarrollo social, intelectual y econ\u00f3mico de Guatemala.<\/p>\n<p>[\/et_pb_fullwidth_header][\/et_pb_section][et_pb_section fb_built=&#8221;1&#8243; _builder_version=&#8221;4.16&#8243; global_colors_info=&#8221;{}&#8221;][et_pb_row _builder_version=&#8221;4.16&#8243; global_colors_info=&#8221;{}&#8221;][et_pb_column type=&#8221;4_4&#8243; _builder_version=&#8221;4.16&#8243; custom_padding=&#8221;|||&#8221; global_colors_info=&#8221;{}&#8221; custom_padding__hover=&#8221;|||&#8221;][et_pb_text admin_label=&#8221;Visi\u00f3n&#8221; _builder_version=&#8221;4.16&#8243; global_colors_info=&#8221;{}&#8221;]<\/p>\n<h1>Visi\u00f3n<\/h1>\n<div id=\"attachment_566\" style=\"width: 327px;\" class=\"wp-caption alignright\">\n<p><img loading=\"lazy\" decoding=\"async\" class=\"wp-image-566\" src=\"..\/..\/wp-content\/uploads\/2017\/10\/32861765202_1c4d39097e_k-683x1024.jpg\" alt=\"\" width=\"317\" height=\"475\" srcset=\"https:\/\/coeduc.org\/es\/wp-content\/uploads\/2017\/10\/32861765202_1c4d39097e_k-683x1024.jpg 683w, https:\/\/coeduc.org\/es\/wp-content\/uploads\/2017\/10\/32861765202_1c4d39097e_k-200x300.jpg 200w, https:\/\/coeduc.org\/es\/wp-content\/uploads\/2017\/10\/32861765202_1c4d39097e_k-768x1152.jpg 768w, https:\/\/coeduc.org\/es\/wp-content\/uploads\/2017\/10\/32861765202_1c4d39097e_k-1080x1620.jpg 1080w, https:\/\/coeduc.org\/es\/wp-content\/uploads\/2017\/10\/32861765202_1c4d39097e_k.jpg 1365w\" sizes=\"(max-width: 317px) 100vw, 317px\" \/><\/p>\n<p class=\"wp-caption-text\">Photo by \u00a9 Rebecca Wilks, Skyline Images<\/p>\n<\/div>\n<p>Nuestra meta fundamental es empoderar a las personas que servimos a descubrir su valor y sus dones. Por nuestros programas, los estudiantes aprenden que estos dones no son solo para su propio beneficio y \u00e9xito, pero para el bien de sus familias, comunidades, pa\u00eds y mundo.<\/p>\n<p>Nosotros creemos en un futuro en que cada ni\u00f1o guatemalteco:<\/p>\n<ul>\n<li>Aprenda a leer<\/li>\n<li>Se gradue del ciclo diversificado<\/li>\n<li>Tenga acceso tanto a\n<ul>\n<li>mejores niveles de educaci\u00f3n como a mejores trabajos<\/li>\n<li>Encuentre salidas permanentes de la pobreza<\/li>\n<li>Alcance su potencial y ayude a otros<\/li>\n<\/ul>\n<\/li>\n<\/ul>\n<p>Con la ayuda de nuestros donantes, junta directiva, personal, colaboradores y las comunidades a las que servimos, COED ha hecho un gran progreso en alcanzar sus objetivos.<\/p>\n<p>Sin embargo, a\u00fan falta m\u00e1s\u00a0por hacer.<\/p>\n<p>Con tu ayuda, nosotros podemos continuar brindando programas necesarios de educaci\u00f3n, y anhelar por un futuro brillante que vaya m\u00e1s all\u00e1 de la pobreza, en cada comunidad rural en Guatemala.<\/p>\n<p>[\/et_pb_text][\/et_pb_column][\/et_pb_row][\/et_pb_section]<\/p>\n","protected":false},"excerpt":{"rendered":"<p>Nuestra misi\u00f3n es apoyar a los estudiantes guatemaltecos para que rompan el ciclo de la pobreza a trav\u00e9s de la educaci\u00f3n. COED cumple con esta misi\u00f3n entregando programas educativos en institutos de escasos recursos. A trav\u00e9s de estos programas, COED dirige directamente su esfuerzo a la ra\u00edz del problema, la pobreza. A trav\u00e9s de nuestros [&hellip;]<\/p>\n","protected":false},"author":1,"featured_media":0,"parent":0,"menu_order":0,"comment_status":"closed","ping_status":"closed","template":"","meta":{"_et_pb_use_builder":"on","_et_pb_old_content":"","_et_gb_content_width":"","footnotes":""},"class_list":["post-439","page","type-page","status-publish","hentry"],"yoast_head":"<!-- This site is optimized with the Yoast SEO plugin v27.3 - https:\/\/yoast.com\/product\/yoast-seo-wordpress\/ -->\n<title>Misi\u00f3n y visi\u00f3n - Cooperative for Education<\/title>\n<meta name=\"robots\" content=\"index, follow, max-snippet:-1, max-image-preview:large, max-video-preview:-1\" \/>\n<link rel=\"canonical\" href=\"https:\/\/coeduc.org\/es\/mision-vision\/\" \/>\n<meta property=\"og:locale\" content=\"en_US\" \/>\n<meta property=\"og:type\" content=\"article\" \/>\n<meta property=\"og:title\" content=\"Misi\u00f3n y visi\u00f3n - Cooperative for Education\" \/>\n<meta property=\"og:description\" content=\"Nuestra misi\u00f3n es apoyar a los estudiantes guatemaltecos para que rompan el ciclo de la pobreza a trav\u00e9s de la educaci\u00f3n. COED cumple con esta misi\u00f3n entregando programas educativos en institutos de escasos recursos. A trav\u00e9s de estos programas, COED dirige directamente su esfuerzo a la ra\u00edz del problema, la pobreza. A trav\u00e9s de nuestros [&hellip;]\" \/>\n<meta property=\"og:url\" content=\"https:\/\/coeduc.org\/es\/mision-vision\/\" \/>\n<meta property=\"og:site_name\" content=\"Cooperative for Education\" \/>\n<meta property=\"article:modified_time\" content=\"2025-06-11T21:05:13+00:00\" \/>\n<meta name=\"twitter:card\" content=\"summary_large_image\" \/>\n<meta name=\"twitter:label1\" content=\"Est. reading time\" \/>\n\t<meta name=\"twitter:data1\" content=\"2 minutes\" \/>\n<script type=\"application\/ld+json\" class=\"yoast-schema-graph\">{\"@context\":\"https:\\\/\\\/schema.org\",\"@graph\":[{\"@type\":\"WebPage\",\"@id\":\"https:\\\/\\\/coeduc.org\\\/es\\\/mision-vision\\\/\",\"url\":\"https:\\\/\\\/coeduc.org\\\/es\\\/mision-vision\\\/\",\"name\":\"Misi\u00f3n y visi\u00f3n - Cooperative for Education\",\"isPartOf\":{\"@id\":\"https:\\\/\\\/coeduc.org\\\/es\\\/#website\"},\"datePublished\":\"2017-10-11T18:13:09+00:00\",\"dateModified\":\"2025-06-11T21:05:13+00:00\",\"breadcrumb\":{\"@id\":\"https:\\\/\\\/coeduc.org\\\/es\\\/mision-vision\\\/#breadcrumb\"},\"inLanguage\":\"en-US\",\"potentialAction\":[{\"@type\":\"ReadAction\",\"target\":[\"https:\\\/\\\/coeduc.org\\\/es\\\/mision-vision\\\/\"]}]},{\"@type\":\"BreadcrumbList\",\"@id\":\"https:\\\/\\\/coeduc.org\\\/es\\\/mision-vision\\\/#breadcrumb\",\"itemListElement\":[{\"@type\":\"ListItem\",\"position\":1,\"name\":\"Home\",\"item\":\"https:\\\/\\\/coeduc.org\\\/es\\\/\"},{\"@type\":\"ListItem\",\"position\":2,\"name\":\"Misi\u00f3n y visi\u00f3n\"}]},{\"@type\":\"WebSite\",\"@id\":\"https:\\\/\\\/coeduc.org\\\/es\\\/#website\",\"url\":\"https:\\\/\\\/coeduc.org\\\/es\\\/\",\"name\":\"Cooperative for Education\",\"description\":\"Breaking the Cycle of Poverty in Guatemala\",\"potentialAction\":[{\"@type\":\"SearchAction\",\"target\":{\"@type\":\"EntryPoint\",\"urlTemplate\":\"https:\\\/\\\/coeduc.org\\\/es\\\/?s={search_term_string}\"},\"query-input\":{\"@type\":\"PropertyValueSpecification\",\"valueRequired\":true,\"valueName\":\"search_term_string\"}}],\"inLanguage\":\"en-US\"}]}<\/script>\n<!-- \/ Yoast SEO plugin. -->","yoast_head_json":{"title":"Misi\u00f3n y visi\u00f3n - Cooperative for Education","robots":{"index":"index","follow":"follow","max-snippet":"max-snippet:-1","max-image-preview":"max-image-preview:large","max-video-preview":"max-video-preview:-1"},"canonical":"https:\/\/coeduc.org\/es\/mision-vision\/","og_locale":"en_US","og_type":"article","og_title":"Misi\u00f3n y visi\u00f3n - Cooperative for Education","og_description":"Nuestra misi\u00f3n es apoyar a los estudiantes guatemaltecos para que rompan el ciclo de la pobreza a trav\u00e9s de la educaci\u00f3n. COED cumple con esta misi\u00f3n entregando programas educativos en institutos de escasos recursos. A trav\u00e9s de estos programas, COED dirige directamente su esfuerzo a la ra\u00edz del problema, la pobreza. A trav\u00e9s de nuestros [&hellip;]","og_url":"https:\/\/coeduc.org\/es\/mision-vision\/","og_site_name":"Cooperative for Education","article_modified_time":"2025-06-11T21:05:13+00:00","twitter_card":"summary_large_image","twitter_misc":{"Est. reading time":"2 minutes"},"schema":{"@context":"https:\/\/schema.org","@graph":[{"@type":"WebPage","@id":"https:\/\/coeduc.org\/es\/mision-vision\/","url":"https:\/\/coeduc.org\/es\/mision-vision\/","name":"Misi\u00f3n y visi\u00f3n - Cooperative for Education","isPartOf":{"@id":"https:\/\/coeduc.org\/es\/#website"},"datePublished":"2017-10-11T18:13:09+00:00","dateModified":"2025-06-11T21:05:13+00:00","breadcrumb":{"@id":"https:\/\/coeduc.org\/es\/mision-vision\/#breadcrumb"},"inLanguage":"en-US","potentialAction":[{"@type":"ReadAction","target":["https:\/\/coeduc.org\/es\/mision-vision\/"]}]},{"@type":"BreadcrumbList","@id":"https:\/\/coeduc.org\/es\/mision-vision\/#breadcrumb","itemListElement":[{"@type":"ListItem","position":1,"name":"Home","item":"https:\/\/coeduc.org\/es\/"},{"@type":"ListItem","position":2,"name":"Misi\u00f3n y visi\u00f3n"}]},{"@type":"WebSite","@id":"https:\/\/coeduc.org\/es\/#website","url":"https:\/\/coeduc.org\/es\/","name":"Cooperative for Education","description":"Breaking the Cycle of Poverty in Guatemala","potentialAction":[{"@type":"SearchAction","target":{"@type":"EntryPoint","urlTemplate":"https:\/\/coeduc.org\/es\/?s={search_term_string}"},"query-input":{"@type":"PropertyValueSpecification","valueRequired":true,"valueName":"search_term_string"}}],"inLanguage":"en-US"}]}},"_links":{"self":[{"href":"https:\/\/coeduc.org\/es\/wp-json\/wp\/v2\/pages\/439","targetHints":{"allow":["GET"]}}],"collection":[{"href":"https:\/\/coeduc.org\/es\/wp-json\/wp\/v2\/pages"}],"about":[{"href":"https:\/\/coeduc.org\/es\/wp-json\/wp\/v2\/types\/page"}],"author":[{"embeddable":true,"href":"https:\/\/coeduc.org\/es\/wp-json\/wp\/v2\/users\/1"}],"replies":[{"embeddable":true,"href":"https:\/\/coeduc.org\/es\/wp-json\/wp\/v2\/comments?post=439"}],"version-history":[{"count":5,"href":"https:\/\/coeduc.org\/es\/wp-json\/wp\/v2\/pages\/439\/revisions"}],"predecessor-version":[{"id":2972,"href":"https:\/\/coeduc.org\/es\/wp-json\/wp\/v2\/pages\/439\/revisions\/2972"}],"wp:attachment":[{"href":"https:\/\/coeduc.org\/es\/wp-json\/wp\/v2\/media?parent=439"}],"curies":[{"name":"wp","href":"https:\/\/api.w.org\/{rel}","templated":true}]}}