{"id":443,"date":"2017-10-11T18:14:07","date_gmt":"2017-10-11T18:14:07","guid":{"rendered":"http:\/\/coeduc.org\/es\/?page_id=443"},"modified":"2025-06-11T13:47:43","modified_gmt":"2025-06-11T18:47:43","slug":"como-nos-diferenciamos","status":"publish","type":"page","link":"https:\/\/coeduc.org\/es\/como-nos-diferenciamos\/","title":{"rendered":"C\u00f3mo nos diferenciamos"},"content":{"rendered":"<p>[et_pb_section fb_built=&#8221;1&#8243; fullwidth=&#8221;on&#8221; _builder_version=&#8221;4.16&#8243; global_colors_info=&#8221;{}&#8221;][et_pb_fullwidth_header title=&#8221;Como Nos Diferenciamos&#8221; text_orientation=&#8221;center&#8221; header_fullscreen=&#8221;on&#8221; header_scroll_down=&#8221;on&#8221; scroll_down_icon_color=&#8221;#ffffff&#8221; background_overlay_color=&#8221;rgba(0,0,0,0.4)&#8221; admin_label=&#8221;Como nos diferenciamos&#8221; module_class=&#8221;header-background-image&#8221; _builder_version=&#8221;4.16&#8243; background_color=&#8221;rgba(255, 255, 255, 0)&#8221; background_image=&#8221;https:\/\/coeduc.org\/es\/wp-content\/uploads\/2017\/10\/13059406933_3f8bf7c183_k.jpg&#8221; background_position=&#8221;top_right&#8221; max_width_tablet=&#8221;50px&#8221; global_colors_info=&#8221;{}&#8221; button_one_text_size__hover_enabled=&#8221;off&#8221; button_two_text_size__hover_enabled=&#8221;off&#8221; button_one_text_color__hover_enabled=&#8221;off&#8221; button_two_text_color__hover_enabled=&#8221;off&#8221; button_one_border_width__hover_enabled=&#8221;off&#8221; button_two_border_width__hover_enabled=&#8221;off&#8221; button_one_border_color__hover_enabled=&#8221;off&#8221; button_two_border_color__hover_enabled=&#8221;off&#8221; button_one_border_radius__hover_enabled=&#8221;off&#8221; button_two_border_radius__hover_enabled=&#8221;off&#8221; button_one_letter_spacing__hover_enabled=&#8221;off&#8221; button_two_letter_spacing__hover_enabled=&#8221;off&#8221; button_one_bg_color__hover_enabled=&#8221;off&#8221; button_two_bg_color__hover_enabled=&#8221;off&#8221;][\/et_pb_fullwidth_header][\/et_pb_section][et_pb_section fb_built=&#8221;1&#8243; _builder_version=&#8221;4.16&#8243; global_colors_info=&#8221;{}&#8221;][et_pb_row _builder_version=&#8221;4.16&#8243; background_size=&#8221;initial&#8221; background_position=&#8221;top_left&#8221; background_repeat=&#8221;repeat&#8221; global_colors_info=&#8221;{}&#8221;][et_pb_column type=&#8221;4_4&#8243; _builder_version=&#8221;4.16&#8243; custom_padding=&#8221;|||&#8221; global_colors_info=&#8221;{}&#8221; custom_padding__hover=&#8221;|||&#8221;][et_pb_text admin_label=&#8221;Programas, desarrollo, fortalecimiento, y negocio&#8221; _builder_version=&#8221;4.27.4&#8243; global_colors_info=&#8221;{}&#8221;]<\/p>\n<p>A muchos de los programas internacionales de desarrollo les hace falta un plan de sobrevivencia a largo plazo. En cuanto las organizaciones donantes se retiran, estos programas muchas veces fallan. Por lo que el ciclo de la pobreza y desesperaci\u00f3n contin\u00faa.<\/p>\n<h3>Programas Sostenibles<\/h3>\n<p>El \u00e9xito de los programas de COED radica en el trabajo cooperativo con las comunidades y la sostenibilidad a largo plazo de sus programas educativos.\u00a0En lugar de llevar los recursos educativos, regalarlos a la comunidad y olvidarlos, trabajamos en cooperaci\u00f3n con las comunidades y generamos en ellas el involucramiento y sentimiento de propiedad de los programas.\u00a0Como parte de ello, se generan ahorros en un \u201cFondo Revolvente\u201d por medio de contribuciones m\u00ednimas anuales que realizan los estudiantes.\u00a0Esto sirve para renovar los recursos cuando lleguen al final de su ciclo de vida.\u00a0Durante la ejecuci\u00f3n de los programas, COED brinda acompa\u00f1amiento y capacitaci\u00f3n continua.\u00a0Los programas est\u00e1n dise\u00f1ados para impactar a varias generaciones de estudiantes.<\/p>\n<h3>Desarrollo a fondo<\/h3>\n<p>Mientras muchas organizaciones sin fines de lucro difunden sus recursos a trav\u00e9s de muchos pa\u00edses, COED construye lazos a largo plazo con los beneficiarios en un pa\u00eds, d\u00e1ndoles\u00a0m\u00faltiples programas para combatir\u00a0la pobreza.\u00a0Nuestro enfoque, con un intenso desarrollo, llevar\u00e1 a Guatemala a un cambio sistem\u00e1tico a largo plazo.<\/p>\n<h3>Fortalecimiento comunitario<\/h3>\n<p>COED tambi\u00e9n fortalece funciones locales al preparar a los miembros de la comunidad para que ellos mantengan y dirijan los proyectos. Incluso cuando COED salga de la comunidad, los programas continuar\u00e1n beneficiando a los j\u00f3venes de las \u00e1reas\u00a0rurales de Guatemala.<\/p>\n<p>En nuestro Programa de Libros de Texto, por ejemplo, un 91% de los establecimientos que han participado en el programa durante por lo menos cinco a\u00f1os, han renovado sus libros de texto con dinero ahorrado en sus fondos revolventes.<\/p>\n<h3>Ejecutado como un negocio<\/h3>\n<p>En COED nos enorgullece la transparencia, la responsabilidad y el compromiso de medir los resultados de nuestro trabajo. Evaluamos el \u00e9xito de cada programa y compartimos los resultados con nuestros socios y colaboradores.<\/p>\n<p>[\/et_pb_text][\/et_pb_column][\/et_pb_row][\/et_pb_section][et_pb_section fb_built=&#8221;1&#8243; _builder_version=&#8221;4.16&#8243; background_color=&#8221;#00337f&#8221; background_position=&#8221;bottom_center&#8221; global_colors_info=&#8221;{}&#8221;][et_pb_row _builder_version=&#8221;4.16&#8243; background_size=&#8221;initial&#8221; background_position=&#8221;top_left&#8221; background_repeat=&#8221;repeat&#8221; global_colors_info=&#8221;{}&#8221;][et_pb_column type=&#8221;4_4&#8243; _builder_version=&#8221;4.16&#8243; custom_padding=&#8221;|||&#8221; global_colors_info=&#8221;{}&#8221; custom_padding__hover=&#8221;|||&#8221;][et_pb_cta button_url=&#8221;https:\/\/coeduc.org\/es\/resultados\/&#8221; button_text=&#8221;Quiero ver los resultados.&#8221; admin_label=&#8221;Quiero ver los resultados.&#8221; _builder_version=&#8221;4.16&#8243; global_colors_info=&#8221;{}&#8221; button_text_size__hover_enabled=&#8221;off&#8221; button_one_text_size__hover_enabled=&#8221;off&#8221; button_two_text_size__hover_enabled=&#8221;off&#8221; button_text_color__hover_enabled=&#8221;off&#8221; button_one_text_color__hover_enabled=&#8221;off&#8221; button_two_text_color__hover_enabled=&#8221;off&#8221; button_border_width__hover_enabled=&#8221;off&#8221; button_one_border_width__hover_enabled=&#8221;off&#8221; button_two_border_width__hover_enabled=&#8221;off&#8221; button_border_color__hover_enabled=&#8221;off&#8221; button_one_border_color__hover_enabled=&#8221;off&#8221; button_two_border_color__hover_enabled=&#8221;off&#8221; button_border_radius__hover_enabled=&#8221;off&#8221; button_one_border_radius__hover_enabled=&#8221;off&#8221; button_two_border_radius__hover_enabled=&#8221;off&#8221; button_letter_spacing__hover_enabled=&#8221;off&#8221; button_one_letter_spacing__hover_enabled=&#8221;off&#8221; button_two_letter_spacing__hover_enabled=&#8221;off&#8221; button_bg_color__hover_enabled=&#8221;off&#8221; button_one_bg_color__hover_enabled=&#8221;off&#8221; button_two_bg_color__hover_enabled=&#8221;off&#8221;][\/et_pb_cta][\/et_pb_column][\/et_pb_row][\/et_pb_section]<\/p>\n","protected":false},"excerpt":{"rendered":"<p>A muchos de los programas internacionales de desarrollo les hace falta un plan de sobrevivencia a largo plazo. En cuanto las organizaciones donantes se retiran, estos programas muchas veces fallan. Por lo que el ciclo de la pobreza y desesperaci\u00f3n contin\u00faa. Programas Sostenibles El \u00e9xito de los programas de COED radica en el trabajo cooperativo [&hellip;]<\/p>\n","protected":false},"author":1,"featured_media":0,"parent":0,"menu_order":0,"comment_status":"closed","ping_status":"closed","template":"","meta":{"_et_pb_use_builder":"on","_et_pb_old_content":"","_et_gb_content_width":"","footnotes":""},"class_list":["post-443","page","type-page","status-publish","hentry"],"yoast_head":"<!-- This site is optimized with the Yoast SEO plugin v27.3 - https:\/\/yoast.com\/product\/yoast-seo-wordpress\/ -->\n<title>C\u00f3mo nos diferenciamos - Cooperative for Education<\/title>\n<meta name=\"robots\" content=\"index, follow, max-snippet:-1, max-image-preview:large, max-video-preview:-1\" \/>\n<link rel=\"canonical\" href=\"https:\/\/coeduc.org\/es\/como-nos-diferenciamos\/\" \/>\n<meta property=\"og:locale\" content=\"en_US\" \/>\n<meta property=\"og:type\" content=\"article\" \/>\n<meta property=\"og:title\" content=\"C\u00f3mo nos diferenciamos - Cooperative for Education\" \/>\n<meta property=\"og:description\" content=\"A muchos de los programas internacionales de desarrollo les hace falta un plan de sobrevivencia a largo plazo. En cuanto las organizaciones donantes se retiran, estos programas muchas veces fallan. Por lo que el ciclo de la pobreza y desesperaci\u00f3n contin\u00faa. Programas Sostenibles El \u00e9xito de los programas de COED radica en el trabajo cooperativo [&hellip;]\" \/>\n<meta property=\"og:url\" content=\"https:\/\/coeduc.org\/es\/como-nos-diferenciamos\/\" \/>\n<meta property=\"og:site_name\" content=\"Cooperative for Education\" \/>\n<meta property=\"article:modified_time\" content=\"2025-06-11T18:47:43+00:00\" \/>\n<meta name=\"twitter:card\" content=\"summary_large_image\" \/>\n<meta name=\"twitter:label1\" content=\"Est. reading time\" \/>\n\t<meta name=\"twitter:data1\" content=\"2 minutes\" \/>\n<script type=\"application\/ld+json\" class=\"yoast-schema-graph\">{\"@context\":\"https:\\\/\\\/schema.org\",\"@graph\":[{\"@type\":\"WebPage\",\"@id\":\"https:\\\/\\\/coeduc.org\\\/es\\\/como-nos-diferenciamos\\\/\",\"url\":\"https:\\\/\\\/coeduc.org\\\/es\\\/como-nos-diferenciamos\\\/\",\"name\":\"C\u00f3mo nos diferenciamos - Cooperative for Education\",\"isPartOf\":{\"@id\":\"https:\\\/\\\/coeduc.org\\\/es\\\/#website\"},\"datePublished\":\"2017-10-11T18:14:07+00:00\",\"dateModified\":\"2025-06-11T18:47:43+00:00\",\"breadcrumb\":{\"@id\":\"https:\\\/\\\/coeduc.org\\\/es\\\/como-nos-diferenciamos\\\/#breadcrumb\"},\"inLanguage\":\"en-US\",\"potentialAction\":[{\"@type\":\"ReadAction\",\"target\":[\"https:\\\/\\\/coeduc.org\\\/es\\\/como-nos-diferenciamos\\\/\"]}]},{\"@type\":\"BreadcrumbList\",\"@id\":\"https:\\\/\\\/coeduc.org\\\/es\\\/como-nos-diferenciamos\\\/#breadcrumb\",\"itemListElement\":[{\"@type\":\"ListItem\",\"position\":1,\"name\":\"Home\",\"item\":\"https:\\\/\\\/coeduc.org\\\/es\\\/\"},{\"@type\":\"ListItem\",\"position\":2,\"name\":\"C\u00f3mo nos diferenciamos\"}]},{\"@type\":\"WebSite\",\"@id\":\"https:\\\/\\\/coeduc.org\\\/es\\\/#website\",\"url\":\"https:\\\/\\\/coeduc.org\\\/es\\\/\",\"name\":\"Cooperative for Education\",\"description\":\"Breaking the Cycle of Poverty in Guatemala\",\"potentialAction\":[{\"@type\":\"SearchAction\",\"target\":{\"@type\":\"EntryPoint\",\"urlTemplate\":\"https:\\\/\\\/coeduc.org\\\/es\\\/?s={search_term_string}\"},\"query-input\":{\"@type\":\"PropertyValueSpecification\",\"valueRequired\":true,\"valueName\":\"search_term_string\"}}],\"inLanguage\":\"en-US\"}]}<\/script>\n<!-- \/ Yoast SEO plugin. -->","yoast_head_json":{"title":"C\u00f3mo nos diferenciamos - Cooperative for Education","robots":{"index":"index","follow":"follow","max-snippet":"max-snippet:-1","max-image-preview":"max-image-preview:large","max-video-preview":"max-video-preview:-1"},"canonical":"https:\/\/coeduc.org\/es\/como-nos-diferenciamos\/","og_locale":"en_US","og_type":"article","og_title":"C\u00f3mo nos diferenciamos - Cooperative for Education","og_description":"A muchos de los programas internacionales de desarrollo les hace falta un plan de sobrevivencia a largo plazo. En cuanto las organizaciones donantes se retiran, estos programas muchas veces fallan. Por lo que el ciclo de la pobreza y desesperaci\u00f3n contin\u00faa. Programas Sostenibles El \u00e9xito de los programas de COED radica en el trabajo cooperativo [&hellip;]","og_url":"https:\/\/coeduc.org\/es\/como-nos-diferenciamos\/","og_site_name":"Cooperative for Education","article_modified_time":"2025-06-11T18:47:43+00:00","twitter_card":"summary_large_image","twitter_misc":{"Est. reading time":"2 minutes"},"schema":{"@context":"https:\/\/schema.org","@graph":[{"@type":"WebPage","@id":"https:\/\/coeduc.org\/es\/como-nos-diferenciamos\/","url":"https:\/\/coeduc.org\/es\/como-nos-diferenciamos\/","name":"C\u00f3mo nos diferenciamos - Cooperative for Education","isPartOf":{"@id":"https:\/\/coeduc.org\/es\/#website"},"datePublished":"2017-10-11T18:14:07+00:00","dateModified":"2025-06-11T18:47:43+00:00","breadcrumb":{"@id":"https:\/\/coeduc.org\/es\/como-nos-diferenciamos\/#breadcrumb"},"inLanguage":"en-US","potentialAction":[{"@type":"ReadAction","target":["https:\/\/coeduc.org\/es\/como-nos-diferenciamos\/"]}]},{"@type":"BreadcrumbList","@id":"https:\/\/coeduc.org\/es\/como-nos-diferenciamos\/#breadcrumb","itemListElement":[{"@type":"ListItem","position":1,"name":"Home","item":"https:\/\/coeduc.org\/es\/"},{"@type":"ListItem","position":2,"name":"C\u00f3mo nos diferenciamos"}]},{"@type":"WebSite","@id":"https:\/\/coeduc.org\/es\/#website","url":"https:\/\/coeduc.org\/es\/","name":"Cooperative for Education","description":"Breaking the Cycle of Poverty in Guatemala","potentialAction":[{"@type":"SearchAction","target":{"@type":"EntryPoint","urlTemplate":"https:\/\/coeduc.org\/es\/?s={search_term_string}"},"query-input":{"@type":"PropertyValueSpecification","valueRequired":true,"valueName":"search_term_string"}}],"inLanguage":"en-US"}]}},"_links":{"self":[{"href":"https:\/\/coeduc.org\/es\/wp-json\/wp\/v2\/pages\/443","targetHints":{"allow":["GET"]}}],"collection":[{"href":"https:\/\/coeduc.org\/es\/wp-json\/wp\/v2\/pages"}],"about":[{"href":"https:\/\/coeduc.org\/es\/wp-json\/wp\/v2\/types\/page"}],"author":[{"embeddable":true,"href":"https:\/\/coeduc.org\/es\/wp-json\/wp\/v2\/users\/1"}],"replies":[{"embeddable":true,"href":"https:\/\/coeduc.org\/es\/wp-json\/wp\/v2\/comments?post=443"}],"version-history":[{"count":5,"href":"https:\/\/coeduc.org\/es\/wp-json\/wp\/v2\/pages\/443\/revisions"}],"predecessor-version":[{"id":2970,"href":"https:\/\/coeduc.org\/es\/wp-json\/wp\/v2\/pages\/443\/revisions\/2970"}],"wp:attachment":[{"href":"https:\/\/coeduc.org\/es\/wp-json\/wp\/v2\/media?parent=443"}],"curies":[{"name":"wp","href":"https:\/\/api.w.org\/{rel}","templated":true}]}}