{"id":593,"date":"2017-10-24T20:13:40","date_gmt":"2017-10-24T20:13:40","guid":{"rendered":"http:\/\/coeduc.org\/es\/?page_id=593"},"modified":"2025-04-17T13:36:44","modified_gmt":"2025-04-17T18:36:44","slug":"desarrollo-juvenil","status":"publish","type":"page","link":"https:\/\/coeduc.org\/es\/desarrollo-juvenil\/","title":{"rendered":"Desarrollo Juvenil y Becas"},"content":{"rendered":"<p>[et_pb_section fb_built=&#8221;1&#8243; fullwidth=&#8221;on&#8221; _builder_version=&#8221;4.16&#8243; background_image=&#8221;https:\/\/coeduc.org\/es\/wp-content\/uploads\/2018\/09\/Claudia.jpg&#8221; background_position=&#8221;top_center&#8221; global_colors_info=&#8221;{}&#8221;][et_pb_fullwidth_header header_fullscreen=&#8221;on&#8221; header_scroll_down=&#8221;on&#8221; background_overlay_color=&#8221;rgba(0,0,0,0.4)&#8221; admin_label=&#8221;Cabecera ancho completo foto &#038; testimonio&#8221; _builder_version=&#8221;4.16&#8243; background_color=&#8221;rgba(255, 255, 255, 0)&#8221; background_image=&#8221;https:\/\/coeduc.org\/es\/wp-content\/uploads\/2018\/04\/32114850044_39a9d3fc4b_k.jpg&#8221; background_position=&#8221;top_center&#8221; max_width_tablet=&#8221;50px&#8221; animation_style=&#8221;slide&#8221; animation_direction=&#8221;bottom&#8221; global_colors_info=&#8221;{}&#8221; button_one_text_size__hover_enabled=&#8221;off&#8221; button_two_text_size__hover_enabled=&#8221;off&#8221; button_one_text_color__hover_enabled=&#8221;off&#8221; button_two_text_color__hover_enabled=&#8221;off&#8221; button_one_border_width__hover_enabled=&#8221;off&#8221; button_two_border_width__hover_enabled=&#8221;off&#8221; button_one_border_color__hover_enabled=&#8221;off&#8221; button_two_border_color__hover_enabled=&#8221;off&#8221; button_one_border_radius__hover_enabled=&#8221;off&#8221; button_two_border_radius__hover_enabled=&#8221;off&#8221; button_one_letter_spacing__hover_enabled=&#8221;off&#8221; button_two_letter_spacing__hover_enabled=&#8221;off&#8221; button_one_bg_color__hover_enabled=&#8221;off&#8221; button_two_bg_color__hover_enabled=&#8221;off&#8221;]<\/p>\n<h2>Desarrollo Juvenil<\/h2>\n<p>&#8220;Me dieron la oportunidad de desarrollar mi potencial. Los l\u00edmites s\u00f3lo existen en tu mente.&#8221;<\/p>\n<p>&nbsp;<\/p>\n<p><strong>\u2014Brenda Sactic, becada graduada<\/strong><\/p>\n<p>[\/et_pb_fullwidth_header][\/et_pb_section][et_pb_section fb_built=&#8221;1&#8243; _builder_version=&#8221;4.16&#8243; global_colors_info=&#8221;{}&#8221;][et_pb_row column_structure=&#8221;1_3,1_3,1_3&#8243; _builder_version=&#8221;4.16&#8243; background_size=&#8221;initial&#8221; background_position=&#8221;top_left&#8221; background_repeat=&#8221;repeat&#8221; global_colors_info=&#8221;{}&#8221;][et_pb_column type=&#8221;1_3&#8243; _builder_version=&#8221;4.16&#8243; custom_padding=&#8221;|||&#8221; global_colors_info=&#8221;{}&#8221; custom_padding__hover=&#8221;|||&#8221;][et_pb_number_counter title=&#8221;Comunidades&#8221; number=&#8221;24&#8243; percent_sign=&#8221;off&#8221; admin_label=&#8221;Contador de numeros&#8211;Comunidades&#8221; _builder_version=&#8221;4.23.4&#8243; number_text_color=&#8221;#44cccc&#8221; global_colors_info=&#8221;{}&#8221;][\/et_pb_number_counter][et_pb_number_counter title=&#8221;Estudiantes&#8221; number=&#8221;1,060&#8243; percent_sign=&#8221;off&#8221; admin_label=&#8221;Contador de numeros&#8211;Estudiantes&#8221; _builder_version=&#8221;4.23.4&#8243; number_text_color=&#8221;#44cccc&#8221; global_colors_info=&#8221;{}&#8221;][\/et_pb_number_counter][\/et_pb_column][et_pb_column type=&#8221;1_3&#8243; _builder_version=&#8221;4.16&#8243; custom_padding=&#8221;|||&#8221; global_colors_info=&#8221;{}&#8221; custom_padding__hover=&#8221;|||&#8221;][et_pb_circle_counter number=&#8221;80&#8243; bar_bg_color=&#8221;#44cccc&#8221; admin_label=&#8221;Contador en circulo&#8211;80%&#8221; _builder_version=&#8221;4.27.2&#8243; global_colors_info=&#8221;{}&#8221;][\/et_pb_circle_counter][et_pb_text admin_label=&#8221;80% se grad\u00faen&#8221; _builder_version=&#8221;4.27.2&#8243; global_colors_info=&#8221;{}&#8221;]<\/p>\n<p style=\"text-align: center;\">Sin una beca, solo el 10% de estudiantes rurales se grad\u00faan del ciclo diversificado; con una beca, el 80% lo logran.<\/p>\n<p>[\/et_pb_text][\/et_pb_column][et_pb_column type=&#8221;1_3&#8243; _builder_version=&#8221;4.16&#8243; custom_padding=&#8221;|||&#8221; global_colors_info=&#8221;{}&#8221; custom_padding__hover=&#8221;|||&#8221;][et_pb_circle_counter number=&#8221;53&#8243; bar_bg_color=&#8221;#44cccc&#8221; admin_label=&#8221;Contador en circulo&#8211;53%&#8221; _builder_version=&#8221;4.16&#8243; global_colors_info=&#8221;{}&#8221;][\/et_pb_circle_counter][et_pb_text admin_label=&#8221;53% auydan a pagar por sus hermanos&#8221; _builder_version=&#8221;4.16&#8243; global_colors_info=&#8221;{}&#8221;]<\/p>\n<p style=\"text-align: center;\">El 53% de graduados ayudan a pagar la educaci\u00f3n de sus hermanos menores.<\/p>\n<p>[\/et_pb_text][\/et_pb_column][\/et_pb_row][\/et_pb_section][et_pb_section fb_built=&#8221;1&#8243; fullwidth=&#8221;on&#8221; _builder_version=&#8221;4.16&#8243; global_colors_info=&#8221;{}&#8221;][et_pb_fullwidth_header header_fullscreen=&#8221;on&#8221; background_overlay_color=&#8221;rgba(0,0,0,0.42)&#8221; admin_label=&#8221;Lleva 12 a\u00f1os&#8221; _builder_version=&#8221;4.17.4&#8243; subhead_font=&#8221;||on||&#8221; subhead_font_size=&#8221;12px&#8221; background_color=&#8221;rgba(0,51,127,0.43)&#8221; background_image=&#8221;https:\/\/coeduc.org\/es\/wp-content\/uploads\/2017\/10\/37132848692_dadad3d998_k.jpg&#8221; max_width_tablet=&#8221;50px&#8221; global_colors_info=&#8221;{}&#8221; button_one_text_size__hover_enabled=&#8221;off&#8221; button_two_text_size__hover_enabled=&#8221;off&#8221; button_one_text_color__hover_enabled=&#8221;off&#8221; button_two_text_color__hover_enabled=&#8221;off&#8221; button_one_border_width__hover_enabled=&#8221;off&#8221; button_two_border_width__hover_enabled=&#8221;off&#8221; button_one_border_color__hover_enabled=&#8221;off&#8221; button_two_border_color__hover_enabled=&#8221;off&#8221; button_one_border_radius__hover_enabled=&#8221;off&#8221; button_two_border_radius__hover_enabled=&#8221;off&#8221; button_one_letter_spacing__hover_enabled=&#8221;off&#8221; button_two_letter_spacing__hover_enabled=&#8221;off&#8221; button_one_bg_color__hover_enabled=&#8221;off&#8221; button_two_bg_color__hover_enabled=&#8221;off&#8221;]<\/p>\n<h2 style=\"text-align: center;\">Lleva 12 a\u00f1os<\/h2>\n<p>En Guatemala, lleva 12 a\u00f1os de educaci\u00f3n para mantener a dos personas de la familia por encima de la l\u00ednea de pobreza, pero un 90% de los ni\u00f1os en situaci\u00f3n de pobreza nunca llega a ese punto. Muchos son de regiones donde individuos particularmente completan menos de 2 a\u00f1os de educaci\u00f3n. Las familias viven con menos de $4 al d\u00eda, y no pueden pagar las cuotas escolares o la oportunidad de costear el mantener a los ni\u00f1os en la escuela, cuando esos ni\u00f1os podr\u00edan en vez de eso trabajar.<\/p>\n<p>&nbsp;<\/p>\n<p>Adem\u00e1s de retos econ\u00f3micos, los estudiantes se enfrentan a muchas otras presiones para abandonar la escuela, incluyendo el alcoholismo, las pandillas, embarazo adolescente, el abuso, y la falta de apoyo de sus familias.<\/p>\n<p>[\/et_pb_fullwidth_header][\/et_pb_section][et_pb_section fb_built=&#8221;1&#8243; _builder_version=&#8221;4.16&#8243; global_colors_info=&#8221;{}&#8221;][et_pb_row _builder_version=&#8221;4.16&#8243; global_colors_info=&#8221;{}&#8221;][et_pb_column type=&#8221;4_4&#8243; _builder_version=&#8221;4.16&#8243; custom_padding=&#8221;|||&#8221; global_colors_info=&#8221;{}&#8221; custom_padding__hover=&#8221;|||&#8221;][et_pb_text admin_label=&#8221;Nuestra soluci\u00f3n&#8221; _builder_version=&#8221;4.16&#8243; global_colors_info=&#8221;{}&#8221;]<\/p>\n<h3 style=\"text-align: center;\"><span style=\"color: #44cccc;\">Llegando a la graduaci\u00f3n<\/span><\/h3>\n<p>Cada a\u00f1o, con la ayuda de los patrocinadores, COED proporciona becas acad\u00e9micas completas a centenares de estudiantes ind\u00edgenas mayas en comunidades empobrecidas en toda Guatemala. Adem\u00e1s de eliminar las barreras econ\u00f3micas a la educaci\u00f3n, el Programa de Becas tambi\u00e9n \u00a0involucra a los estudiantes en un sistema de apoyo para ayudarles a superar la presi\u00f3n de abandonar la escuela:<\/p>\n<ul>\n<li>La inversi\u00f3n de los patrocinadores en la educaci\u00f3n de los estudiantes los inspira a perseverar.<\/li>\n<li>El personal del programa proporciona trabajo social, apoyo acad\u00e9mico, y direcci\u00f3n para que los estudiantes se grad\u00faen.<\/li>\n<li>Los \u00a0maestros gu\u00eda sirven como mentores y mantienen un ojo vigilante sobre los estudiantes quienes necesitan atenci\u00f3n extra.<\/li>\n<li>Los estudiantes mayores sirven como mentores, construyendo un sistema de apoyo entre los estudiantes.<\/li>\n<li>Las visitas domiciliares por parte del personal de COED, involucran a los padres en el \u00e9xito de sus hijos.<\/li>\n<\/ul>\n<p>&nbsp;<\/p>\n<p>[\/et_pb_text][\/et_pb_column][\/et_pb_row][\/et_pb_section][et_pb_section fb_built=&#8221;1&#8243; admin_label=&#8221;section&#8221; module_class=&#8221;divider-image&#8221; _builder_version=&#8221;4.16&#8243; use_background_color_gradient=&#8221;on&#8221; background_color_gradient_stops=&#8221;#ffffff 0%|rgba(255,255,255,0) 52%&#8221; background_color_gradient_start=&#8221;#ffffff&#8221; background_color_gradient_end=&#8221;rgba(255,255,255,0)&#8221; background_color_gradient_end_position=&#8221;52%&#8221; background_image=&#8221;https:\/\/coeduc.org\/es\/wp-content\/uploads\/2017\/10\/29837014202_db52595a3c_k.jpg&#8221; background_position=&#8221;center_right&#8221; background_blend=&#8221;overlay&#8221; global_colors_info=&#8221;{}&#8221;][et_pb_row _builder_version=&#8221;4.16&#8243; background_size=&#8221;initial&#8221; background_position=&#8221;top_left&#8221; background_repeat=&#8221;repeat&#8221; global_colors_info=&#8221;{}&#8221;][et_pb_column type=&#8221;4_4&#8243; _builder_version=&#8221;4.16&#8243; custom_padding=&#8221;|||&#8221; global_colors_info=&#8221;{}&#8221; custom_padding__hover=&#8221;|||&#8221;][et_pb_divider show_divider=&#8221;off&#8221; disabled_on=&#8221;on|on|off&#8221; admin_label=&#8221;Separador&#8211;chica con microfono&#8221; _builder_version=&#8221;4.16&#8243; height=&#8221;100px&#8221; global_colors_info=&#8221;{}&#8221;][\/et_pb_divider][\/et_pb_column][\/et_pb_row][\/et_pb_section][et_pb_section fb_built=&#8221;1&#8243; _builder_version=&#8221;4.16&#8243; global_colors_info=&#8221;{}&#8221;][et_pb_row _builder_version=&#8221;4.16&#8243; background_size=&#8221;initial&#8221; background_position=&#8221;top_left&#8221; background_repeat=&#8221;repeat&#8221; global_colors_info=&#8221;{}&#8221;][et_pb_column type=&#8221;4_4&#8243; _builder_version=&#8221;4.16&#8243; custom_padding=&#8221;|||&#8221; global_colors_info=&#8221;{}&#8221; custom_padding__hover=&#8221;|||&#8221;][et_pb_text admin_label=&#8221;Desarrollando l\u00edderes &#038; sostenabilidad&#8221; _builder_version=&#8221;4.27.4&#8243; hover_enabled=&#8221;0&#8243; global_colors_info=&#8221;{}&#8221; sticky_enabled=&#8221;0&#8243;]<\/p>\n<h3 style=\"text-align: center;\"><span style=\"color: #44cccc;\">Desarrollando l\u00edderes del futuro<\/span><\/h3>\n<p>El componente de desarrollo de los j\u00f3venes en el programa involucra a los estudiantes en el liderazgo, la formaci\u00f3n profesional, y la preparaci\u00f3n para la vida.<\/p>\n<ul>\n<li>Ampliando la visi\u00f3n del mundo: Los estudiantes asisten a talleres con temas tales como: esp\u00edritu emprendedor, derechos de la mujer, y trabajo en equipo. Tambi\u00e9n visitan lugares de inter\u00e9s cultural que les abre la puerta a las posibilidades que la educaci\u00f3n puede proporcionar.<\/li>\n<li>Preparaci\u00f3n profesional:\u00a0Visitando empresas locales y conociendo modelos a seguir en diferentes carreras, los estudiantes exploran las posibilidades para su propio futuro.<\/li>\n<li>Devolviendo a la comunidad: Mediante la planificaci\u00f3n y ejecuci\u00f3n de sus propios proyectos de servicio comunitario, los estudiantes aprenden habilidades de liderazgo y desarrollan un esp\u00edritu de servicio.<\/li>\n<\/ul>\n<h3 style=\"text-align: center;\"><span style=\"color: #44cccc;\">La sostenibilidad<\/span><\/h3>\n<p>El Programa de Becas y Desarrollo Juvenil, alcanza la sostenibilidad al transformar las vidas de los j\u00f3venes ind\u00edgenas, quienes luego contribuyen al desarrollo de todo el pa\u00eds. Actualmente, el 53% de los graduados del programa, est\u00e1n ayudando a pagar la educaci\u00f3n de sus hermanos menores, rompiendo el ciclo de la pobreza para m\u00e1s j\u00f3venes de su propia generaci\u00f3n.<\/p>\n<p>\u201cCreo que estos estudiantes ser\u00e1n los que cambiar\u00e1n a Guatemala, y que asumir\u00e1n con responsabilidad su papel como trabajadores, empresarios, padres y madres. A partir de ellos vendr\u00e1n generaciones con fundamentos s\u00f3lidos, con valores y con mejores oportunidades.\u201d<em><strong><br \/><\/strong><\/em><\/p>\n<p><em><strong>\u2014 Samuel Buc, Ex Coordinador del Programa de Becas y Desarrollo Juvenil<\/strong><\/em><\/p>\n<p>[\/et_pb_text][et_pb_divider show_divider=&#8221;off&#8221; disabled_on=&#8221;on|on|off&#8221; admin_label=&#8221;Separador&#8221; _builder_version=&#8221;4.16&#8243; height=&#8221;30px&#8221; global_colors_info=&#8221;{}&#8221;][\/et_pb_divider][\/et_pb_column][\/et_pb_row][\/et_pb_section][et_pb_section fb_built=&#8221;1&#8243; admin_label=&#8221;section&#8221; module_class=&#8221;divider-image&#8221; _builder_version=&#8221;4.16&#8243; use_background_color_gradient=&#8221;on&#8221; background_color_gradient_stops=&#8221;#ffffff 0%|rgba(255,255,255,0) 52%&#8221; background_color_gradient_start=&#8221;#ffffff&#8221; background_color_gradient_end=&#8221;rgba(255,255,255,0)&#8221; background_color_gradient_end_position=&#8221;52%&#8221; background_image=&#8221;https:\/\/coeduc.org\/es\/wp-content\/uploads\/2017\/10\/9473327570_c5fd5870d2_k.jpg&#8221; background_position=&#8221;top_right&#8221; background_blend=&#8221;overlay&#8221; global_colors_info=&#8221;{}&#8221;][et_pb_row _builder_version=&#8221;4.16&#8243; background_size=&#8221;initial&#8221; background_position=&#8221;top_left&#8221; background_repeat=&#8221;repeat&#8221; global_colors_info=&#8221;{}&#8221;][et_pb_column type=&#8221;4_4&#8243; _builder_version=&#8221;4.16&#8243; custom_padding=&#8221;|||&#8221; global_colors_info=&#8221;{}&#8221; custom_padding__hover=&#8221;|||&#8221;][et_pb_divider show_divider=&#8221;off&#8221; disabled_on=&#8221;on|on|off&#8221; admin_label=&#8221;Separador&#8211;familia&#8221; _builder_version=&#8221;4.16&#8243; height=&#8221;100px&#8221; global_colors_info=&#8221;{}&#8221;][\/et_pb_divider][\/et_pb_column][\/et_pb_row][\/et_pb_section]<\/p>\n","protected":false},"excerpt":{"rendered":"<p>Desarrollo Juvenil &#8220;Me dieron la oportunidad de desarrollar mi potencial. Los l\u00edmites s\u00f3lo existen en tu mente.&#8221; &nbsp; \u2014Brenda Sactic, becada graduadaSin una beca, solo el 10% de estudiantes rurales se grad\u00faan del ciclo diversificado; con una beca, el 80% lo logran.El 53% de graduados ayudan a pagar la educaci\u00f3n de sus hermanos menores. Lleva [&hellip;]<\/p>\n","protected":false},"author":1,"featured_media":0,"parent":0,"menu_order":0,"comment_status":"closed","ping_status":"closed","template":"","meta":{"_et_pb_use_builder":"on","_et_pb_old_content":"","_et_gb_content_width":"","footnotes":""},"class_list":["post-593","page","type-page","status-publish","hentry"],"yoast_head":"<!-- This site is optimized with the Yoast SEO plugin v27.3 - https:\/\/yoast.com\/product\/yoast-seo-wordpress\/ -->\n<title>Desarrollo Juvenil y Becas - Cooperative for Education<\/title>\n<meta name=\"robots\" content=\"index, follow, max-snippet:-1, max-image-preview:large, max-video-preview:-1\" \/>\n<link rel=\"canonical\" href=\"https:\/\/coeduc.org\/es\/desarrollo-juvenil\/\" \/>\n<meta property=\"og:locale\" content=\"en_US\" \/>\n<meta property=\"og:type\" content=\"article\" \/>\n<meta property=\"og:title\" content=\"Desarrollo Juvenil y Becas - Cooperative for Education\" \/>\n<meta property=\"og:description\" content=\"Desarrollo Juvenil &quot;Me dieron la oportunidad de desarrollar mi potencial. Los l\u00edmites s\u00f3lo existen en tu mente.&quot; &nbsp; \u2014Brenda Sactic, becada graduadaSin una beca, solo el 10% de estudiantes rurales se grad\u00faan del ciclo diversificado; con una beca, el 80% lo logran.El 53% de graduados ayudan a pagar la educaci\u00f3n de sus hermanos menores. Lleva [&hellip;]\" \/>\n<meta property=\"og:url\" content=\"https:\/\/coeduc.org\/es\/desarrollo-juvenil\/\" \/>\n<meta property=\"og:site_name\" content=\"Cooperative for Education\" \/>\n<meta property=\"article:modified_time\" content=\"2025-04-17T18:36:44+00:00\" \/>\n<meta name=\"twitter:card\" content=\"summary_large_image\" \/>\n<meta name=\"twitter:label1\" content=\"Est. reading time\" \/>\n\t<meta name=\"twitter:data1\" content=\"3 minutes\" \/>\n<script type=\"application\/ld+json\" class=\"yoast-schema-graph\">{\"@context\":\"https:\\\/\\\/schema.org\",\"@graph\":[{\"@type\":\"WebPage\",\"@id\":\"https:\\\/\\\/coeduc.org\\\/es\\\/desarrollo-juvenil\\\/\",\"url\":\"https:\\\/\\\/coeduc.org\\\/es\\\/desarrollo-juvenil\\\/\",\"name\":\"Desarrollo Juvenil y Becas - Cooperative for Education\",\"isPartOf\":{\"@id\":\"https:\\\/\\\/coeduc.org\\\/es\\\/#website\"},\"datePublished\":\"2017-10-24T20:13:40+00:00\",\"dateModified\":\"2025-04-17T18:36:44+00:00\",\"breadcrumb\":{\"@id\":\"https:\\\/\\\/coeduc.org\\\/es\\\/desarrollo-juvenil\\\/#breadcrumb\"},\"inLanguage\":\"en-US\",\"potentialAction\":[{\"@type\":\"ReadAction\",\"target\":[\"https:\\\/\\\/coeduc.org\\\/es\\\/desarrollo-juvenil\\\/\"]}]},{\"@type\":\"BreadcrumbList\",\"@id\":\"https:\\\/\\\/coeduc.org\\\/es\\\/desarrollo-juvenil\\\/#breadcrumb\",\"itemListElement\":[{\"@type\":\"ListItem\",\"position\":1,\"name\":\"Home\",\"item\":\"https:\\\/\\\/coeduc.org\\\/es\\\/\"},{\"@type\":\"ListItem\",\"position\":2,\"name\":\"Desarrollo Juvenil y Becas\"}]},{\"@type\":\"WebSite\",\"@id\":\"https:\\\/\\\/coeduc.org\\\/es\\\/#website\",\"url\":\"https:\\\/\\\/coeduc.org\\\/es\\\/\",\"name\":\"Cooperative for Education\",\"description\":\"Breaking the Cycle of Poverty in Guatemala\",\"potentialAction\":[{\"@type\":\"SearchAction\",\"target\":{\"@type\":\"EntryPoint\",\"urlTemplate\":\"https:\\\/\\\/coeduc.org\\\/es\\\/?s={search_term_string}\"},\"query-input\":{\"@type\":\"PropertyValueSpecification\",\"valueRequired\":true,\"valueName\":\"search_term_string\"}}],\"inLanguage\":\"en-US\"}]}<\/script>\n<!-- \/ Yoast SEO plugin. -->","yoast_head_json":{"title":"Desarrollo Juvenil y Becas - Cooperative for Education","robots":{"index":"index","follow":"follow","max-snippet":"max-snippet:-1","max-image-preview":"max-image-preview:large","max-video-preview":"max-video-preview:-1"},"canonical":"https:\/\/coeduc.org\/es\/desarrollo-juvenil\/","og_locale":"en_US","og_type":"article","og_title":"Desarrollo Juvenil y Becas - Cooperative for Education","og_description":"Desarrollo Juvenil \"Me dieron la oportunidad de desarrollar mi potencial. Los l\u00edmites s\u00f3lo existen en tu mente.\" &nbsp; \u2014Brenda Sactic, becada graduadaSin una beca, solo el 10% de estudiantes rurales se grad\u00faan del ciclo diversificado; con una beca, el 80% lo logran.El 53% de graduados ayudan a pagar la educaci\u00f3n de sus hermanos menores. Lleva [&hellip;]","og_url":"https:\/\/coeduc.org\/es\/desarrollo-juvenil\/","og_site_name":"Cooperative for Education","article_modified_time":"2025-04-17T18:36:44+00:00","twitter_card":"summary_large_image","twitter_misc":{"Est. reading time":"3 minutes"},"schema":{"@context":"https:\/\/schema.org","@graph":[{"@type":"WebPage","@id":"https:\/\/coeduc.org\/es\/desarrollo-juvenil\/","url":"https:\/\/coeduc.org\/es\/desarrollo-juvenil\/","name":"Desarrollo Juvenil y Becas - Cooperative for Education","isPartOf":{"@id":"https:\/\/coeduc.org\/es\/#website"},"datePublished":"2017-10-24T20:13:40+00:00","dateModified":"2025-04-17T18:36:44+00:00","breadcrumb":{"@id":"https:\/\/coeduc.org\/es\/desarrollo-juvenil\/#breadcrumb"},"inLanguage":"en-US","potentialAction":[{"@type":"ReadAction","target":["https:\/\/coeduc.org\/es\/desarrollo-juvenil\/"]}]},{"@type":"BreadcrumbList","@id":"https:\/\/coeduc.org\/es\/desarrollo-juvenil\/#breadcrumb","itemListElement":[{"@type":"ListItem","position":1,"name":"Home","item":"https:\/\/coeduc.org\/es\/"},{"@type":"ListItem","position":2,"name":"Desarrollo Juvenil y Becas"}]},{"@type":"WebSite","@id":"https:\/\/coeduc.org\/es\/#website","url":"https:\/\/coeduc.org\/es\/","name":"Cooperative for Education","description":"Breaking the Cycle of Poverty in Guatemala","potentialAction":[{"@type":"SearchAction","target":{"@type":"EntryPoint","urlTemplate":"https:\/\/coeduc.org\/es\/?s={search_term_string}"},"query-input":{"@type":"PropertyValueSpecification","valueRequired":true,"valueName":"search_term_string"}}],"inLanguage":"en-US"}]}},"_links":{"self":[{"href":"https:\/\/coeduc.org\/es\/wp-json\/wp\/v2\/pages\/593","targetHints":{"allow":["GET"]}}],"collection":[{"href":"https:\/\/coeduc.org\/es\/wp-json\/wp\/v2\/pages"}],"about":[{"href":"https:\/\/coeduc.org\/es\/wp-json\/wp\/v2\/types\/page"}],"author":[{"embeddable":true,"href":"https:\/\/coeduc.org\/es\/wp-json\/wp\/v2\/users\/1"}],"replies":[{"embeddable":true,"href":"https:\/\/coeduc.org\/es\/wp-json\/wp\/v2\/comments?post=593"}],"version-history":[{"count":5,"href":"https:\/\/coeduc.org\/es\/wp-json\/wp\/v2\/pages\/593\/revisions"}],"predecessor-version":[{"id":2947,"href":"https:\/\/coeduc.org\/es\/wp-json\/wp\/v2\/pages\/593\/revisions\/2947"}],"wp:attachment":[{"href":"https:\/\/coeduc.org\/es\/wp-json\/wp\/v2\/media?parent=593"}],"curies":[{"name":"wp","href":"https:\/\/api.w.org\/{rel}","templated":true}]}}