{"id":78,"date":"2017-06-14T17:54:49","date_gmt":"2017-06-14T17:54:49","guid":{"rendered":"http:\/\/coeduc.org\/es\/?page_id=78"},"modified":"2025-04-17T13:41:49","modified_gmt":"2025-04-17T18:41:49","slug":"tecnologia","status":"publish","type":"page","link":"https:\/\/coeduc.org\/es\/tecnologia\/","title":{"rendered":"Centros de Tecnolog\u00eda"},"content":{"rendered":"<p>[et_pb_section fb_built=&#8221;1&#8243; fullwidth=&#8221;on&#8221; _builder_version=&#8221;4.16&#8243; global_colors_info=&#8221;{}&#8221;][et_pb_fullwidth_header title=&#8221;Centros de Tecnolog\u00eda&#8221; header_fullscreen=&#8221;on&#8221; header_scroll_down=&#8221;on&#8221; background_overlay_color=&#8221;rgba(0,0,0,0.38)&#8221; admin_label=&#8221;Cabecera ancho completo foto &#038; testimonio &#8221; _builder_version=&#8221;4.27.4&#8243; background_color=&#8221;rgba(255, 255, 255, 0)&#8221; background_image=&#8221;https:\/\/coeduc.org\/es\/wp-content\/uploads\/2017\/06\/16549735849_9a7929c00b_k.jpg&#8221; background_position=&#8221;center_right&#8221; max_width_tablet=&#8221;50px&#8221; hover_enabled=&#8221;0&#8243; global_colors_info=&#8221;{}&#8221; button_one_text_size__hover_enabled=&#8221;off&#8221; button_two_text_size__hover_enabled=&#8221;off&#8221; button_one_text_color__hover_enabled=&#8221;off&#8221; button_two_text_color__hover_enabled=&#8221;off&#8221; button_one_border_width__hover_enabled=&#8221;off&#8221; button_two_border_width__hover_enabled=&#8221;off&#8221; button_one_border_color__hover_enabled=&#8221;off&#8221; button_two_border_color__hover_enabled=&#8221;off&#8221; button_one_border_radius__hover_enabled=&#8221;off&#8221; button_two_border_radius__hover_enabled=&#8221;off&#8221; button_one_letter_spacing__hover_enabled=&#8221;off&#8221; button_two_letter_spacing__hover_enabled=&#8221;off&#8221; button_one_bg_color__hover_enabled=&#8221;off&#8221; button_two_bg_color__hover_enabled=&#8221;off&#8221; sticky_enabled=&#8221;0&#8243;]&#8221;Estoy aprendiendo muchas cosas nuevas que antes no fueron accesibles para m\u00ed. \u00a1Ya tengo acceso a un nuevo mundo!&#8221;<\/p>\n<p><strong>\u2013 Brenda, estudiante de primero b\u00e1sico en Instituto El Aguacate <\/strong><br \/>\n[\/et_pb_fullwidth_header][\/et_pb_section][et_pb_section fb_built=&#8221;1&#8243; _builder_version=&#8221;4.16&#8243; global_colors_info=&#8221;{}&#8221;][et_pb_row column_structure=&#8221;1_3,1_3,1_3&#8243; _builder_version=&#8221;4.16&#8243; background_size=&#8221;initial&#8221; background_position=&#8221;top_left&#8221; background_repeat=&#8221;repeat&#8221; global_colors_info=&#8221;{}&#8221;][et_pb_column type=&#8221;1_3&#8243; _builder_version=&#8221;4.16&#8243; custom_padding=&#8221;|||&#8221; global_colors_info=&#8221;{}&#8221; custom_padding__hover=&#8221;|||&#8221;][et_pb_number_counter title=&#8221;Centros&#8221; number=&#8221;57&#8243; percent_sign=&#8221;off&#8221; admin_label=&#8221;Contadores de numero&#8211;Centros&#8221; _builder_version=&#8221;4.23.4&#8243; number_text_color=&#8221;#5b9641&#8243; number_font_size=&#8221;40&#8243; global_colors_info=&#8221;{}&#8221;]&nbsp;<br \/>\n[\/et_pb_number_counter][et_pb_number_counter title=&#8221;Estudiantes&#8221; number=&#8221;12,416&#8243; percent_sign=&#8221;off&#8221; admin_label=&#8221;Contador de numero&#8211;Estudiantes&#8221; _builder_version=&#8221;4.23.4&#8243; number_text_color=&#8221;#5b9641&#8243; number_font_size=&#8221;40&#8243; global_colors_info=&#8221;{}&#8221;]&nbsp;<br \/>\n[\/et_pb_number_counter][\/et_pb_column][et_pb_column type=&#8221;1_3&#8243; _builder_version=&#8221;4.16&#8243; custom_padding=&#8221;|||&#8221; global_colors_info=&#8221;{}&#8221; custom_padding__hover=&#8221;|||&#8221;][et_pb_circle_counter number=&#8221;95&#8243; bar_bg_color=&#8221;#5b9641&#8243; admin_label=&#8221;Contador en circulo&#8211;95&#8243; _builder_version=&#8221;4.16&#8243; global_colors_info=&#8221;{}&#8221;]&nbsp;<br \/>\n[\/et_pb_circle_counter][et_pb_text admin_label=&#8221;95% de graduados&#8221; _builder_version=&#8221;4.16&#8243; global_colors_info=&#8221;{}&#8221;]<\/p>\n<p style=\"text-align: center;\">95% de los estudiantes utilizan las destrezas adquiridas para continuar sus estudios o para adquirir un empleo mejor remunerado.<\/p>\n<p>[\/et_pb_text][\/et_pb_column][et_pb_column type=&#8221;1_3&#8243; _builder_version=&#8221;4.16&#8243; custom_padding=&#8221;|||&#8221; global_colors_info=&#8221;{}&#8221; custom_padding__hover=&#8221;|||&#8221;][et_pb_circle_counter number=&#8221;97&#8243; bar_bg_color=&#8221;#5b9641&#8243; admin_label=&#8221;Contador en circulo&#8211;98&#8243; _builder_version=&#8221;4.23.4&#8243; global_colors_info=&#8221;{}&#8221;]&nbsp;<br \/>\n[\/et_pb_circle_counter][et_pb_text admin_label=&#8221;98% dicen que el programa era \u00fatil&#8221; _builder_version=&#8221;4.23.4&#8243; global_colors_info=&#8221;{}&#8221;]<\/p>\n<p style=\"text-align: center;\">El 97% de los graduados dicen que el programa les fue \u00fatil al prepararlos para lo que ahora ellos realizan.<strong>\u00a0<\/strong><\/p>\n<p>[\/et_pb_text][\/et_pb_column][\/et_pb_row][\/et_pb_section][et_pb_section fb_built=&#8221;1&#8243; fullwidth=&#8221;on&#8221; _builder_version=&#8221;4.16&#8243; global_colors_info=&#8221;{}&#8221;][et_pb_fullwidth_header background_overlay_color=&#8221;rgba(91,150,65,0.75)&#8221; admin_label=&#8221;El problema&#8221; _builder_version=&#8221;4.16&#8243; background_color=&#8221;rgba(255, 255, 255, 0)&#8221; background_image=&#8221;https:\/\/coeduc.org\/es\/wp-content\/uploads\/2017\/06\/13059460383_36793c2139_k.jpg&#8221; max_width_tablet=&#8221;50px&#8221; global_colors_info=&#8221;{}&#8221; button_one_text_size__hover_enabled=&#8221;off&#8221; button_two_text_size__hover_enabled=&#8221;off&#8221; button_one_text_color__hover_enabled=&#8221;off&#8221; button_two_text_color__hover_enabled=&#8221;off&#8221; button_one_border_width__hover_enabled=&#8221;off&#8221; button_two_border_width__hover_enabled=&#8221;off&#8221; button_one_border_color__hover_enabled=&#8221;off&#8221; button_two_border_color__hover_enabled=&#8221;off&#8221; button_one_border_radius__hover_enabled=&#8221;off&#8221; button_two_border_radius__hover_enabled=&#8221;off&#8221; button_one_letter_spacing__hover_enabled=&#8221;off&#8221; button_two_letter_spacing__hover_enabled=&#8221;off&#8221; button_one_bg_color__hover_enabled=&#8221;off&#8221; button_two_bg_color__hover_enabled=&#8221;off&#8221;]<\/p>\n<h1 style=\"text-align: center;\">La demanda por la competencia tecnol\u00f3gica<\/h1>\n<p>Mientras que para ingresar a un trabajo se requiere de aproximadamente un nivel del 60% de manejo\u00a0 de una computadora, los j\u00f3venes en comunidades rurales carecen de acceso a esta tecnolog\u00eda. En algunas comunidades, el 100% de los estudiantes precisaban de la oportunidad de aprender a usar una computadora, hasta que se implement\u00f3 nuestro programa.<\/p>\n<p>&nbsp;<\/p>\n<p>Sin las habilidades t\u00e9cnicas, ellos tendr\u00e1n que afrontar el desempleo y dificultades econ\u00f3micas. Mientras esta brecha digital crece, tambi\u00e9n crece la desigualdad en los ingresos, la inequidad y la pobreza. Establecer centros de tecnolog\u00eda educativa en institutos de nivel de educaci\u00f3n media ubicados en comunidades rurales, crea oportunidades para que los j\u00f3venes adquieran las habilidades que necesitan para encontrar empleos mejor remunerados, y que mejoren su nivel de vida de forma permanente.<\/p>\n<p>[\/et_pb_fullwidth_header][\/et_pb_section][et_pb_section fb_built=&#8221;1&#8243; _builder_version=&#8221;4.16&#8243; global_colors_info=&#8221;{}&#8221;][et_pb_row _builder_version=&#8221;4.16&#8243; global_colors_info=&#8221;{}&#8221;][et_pb_column type=&#8221;4_4&#8243; _builder_version=&#8221;4.16&#8243; custom_padding=&#8221;|||&#8221; global_colors_info=&#8221;{}&#8221; custom_padding__hover=&#8221;|||&#8221;][et_pb_text admin_label=&#8221;Nuestra soluci\u00f3n&#8221; _builder_version=&#8221;4.16&#8243; global_colors_info=&#8221;{}&#8221;]<\/p>\n<h2 style=\"text-align: center;\"><span style=\"color: #5b9641;\">C\u00f3mo funciona el programa<\/span><\/h2>\n<p>Los centros de tecnolog\u00eda educativa de COED, est\u00e1n localizados en el altiplano, el \u00e1rea central y en las Verapaces. Permiten que los j\u00f3venes tengan acceso a tecnolog\u00eda de punta.<\/p>\n<p>La comunidad se une con COED para renovar o preparar un sal\u00f3n seguro, cableado, ventilado, con libre paso del aire e iluminaci\u00f3n adecuada, para que sea un centro operativo de tecnolog\u00eda.<\/p>\n<p>COED compra todo el equipo en Guatemala (para apoyar a la econom\u00eda local), y luego lo instala cuando las renovaciones est\u00e1n terminadas y el sal\u00f3n est\u00e1 listo. Un centro de tecnolog\u00eda normalmente tiene capacidad para albergar de 12 a 30 computadoras, o 27 a 42 port\u00e1tiles de modelo reciente.<\/p>\n<h2 style=\"text-align: center;\"><span style=\"color: #5b9641;\">El curriculo<\/span><\/h2>\n<p>Los estudiantes reciben por lo menos\u00a060 minutos\u00a0de computaci\u00f3n, de forma pr\u00e1ctica,\u00a0a la semana. Aprenden a manejar diversos programas\u00a0como Microsoft Windows, Word, Excel y PowerPoint, adem\u00e1s tienen la posibilidad de explorar el mundo por medio de RACHEL, un servidor port\u00e1til que almacena una gran cantidad de recursos educativos.<\/p>\n<p>Todos los centros de tecnolog\u00eda educativa utilizan un\u00a0curr\u00edculo est\u00e1ndar que ya ha sido aprobado y desarrollado\u00a0por COED en conjunto con Educational Technology Consulting. Esta es una empresa l\u00edder, internacionalmente reconocida, en entrenamiento en el uso de tecnolog\u00eda. El curso consiste en 100 lecciones distribuidas en los tres a\u00f1os que cursan el ciclo b\u00e1sico. Al final de cada m\u00f3dulo, los estudiantes toman una evaluaci\u00f3n para medir su progreso.<\/p>\n<p>[\/et_pb_text][\/et_pb_column][\/et_pb_row][\/et_pb_section][et_pb_section fb_built=&#8221;1&#8243; admin_label=&#8221;section&#8221; module_class=&#8221;divider-image&#8221; _builder_version=&#8221;4.16&#8243; use_background_color_gradient=&#8221;on&#8221; background_color_gradient_stops=&#8221;#ffffff 0%|rgba(255,255,255,0) 52%&#8221; background_color_gradient_start=&#8221;#ffffff&#8221; background_color_gradient_end=&#8221;rgba(255,255,255,0)&#8221; background_color_gradient_end_position=&#8221;52%&#8221; background_image=&#8221;https:\/\/coeduc.org\/es\/wp-content\/uploads\/2017\/06\/32114530004_5e9e86c19b_k.jpg&#8221; background_position=&#8221;top_center&#8221; background_blend=&#8221;overlay&#8221; global_colors_info=&#8221;{}&#8221;][et_pb_row _builder_version=&#8221;4.16&#8243; background_size=&#8221;initial&#8221; background_position=&#8221;top_left&#8221; background_repeat=&#8221;repeat&#8221; global_colors_info=&#8221;{}&#8221;][et_pb_column type=&#8221;4_4&#8243; _builder_version=&#8221;4.16&#8243; custom_padding=&#8221;|||&#8221; global_colors_info=&#8221;{}&#8221; custom_padding__hover=&#8221;|||&#8221;][et_pb_divider show_divider=&#8221;off&#8221; disabled_on=&#8221;on|on|off&#8221; admin_label=&#8221;Separador para foto&#8212;Foto primera de computaci\u00f3n&#8221; _builder_version=&#8221;4.16&#8243; height=&#8221;100px&#8221; global_colors_info=&#8221;{}&#8221;]&nbsp;<br \/>\n[\/et_pb_divider][\/et_pb_column][\/et_pb_row][\/et_pb_section][et_pb_section fb_built=&#8221;1&#8243; _builder_version=&#8221;4.16&#8243; global_colors_info=&#8221;{}&#8221;][et_pb_row _builder_version=&#8221;4.16&#8243; background_size=&#8221;initial&#8221; background_position=&#8221;top_left&#8221; background_repeat=&#8221;repeat&#8221; global_colors_info=&#8221;{}&#8221;][et_pb_column type=&#8221;4_4&#8243; _builder_version=&#8221;4.16&#8243; custom_padding=&#8221;|||&#8221; global_colors_info=&#8221;{}&#8221; custom_padding__hover=&#8221;|||&#8221;][et_pb_text admin_label=&#8221;Sostenibilidad&#8221; _builder_version=&#8221;4.16&#8243; global_colors_info=&#8221;{}&#8221;]<\/p>\n<h2 style=\"text-align: center;\"><span style=\"color: #5b9641;\">La sostenibilidad<\/span><\/h2>\n<h6 style=\"text-align: center;\">El fondo revolvente<\/h6>\n<p>Los estudiantes \u00a0aportan una m\u00f3dica contribuci\u00f3n (entre Q10 a Q32 al mes) para utilizar las computadoras. Estas contribuciones \u00a0se re\u00fanen en un fondo revolvente; este fondo cubre los costos de operaci\u00f3n (mantenimiento, supervisi\u00f3n, etc), y tambi\u00e9n cubre la generaci\u00f3n de ahorros para poder renovar el equipo cuando llegue al final de su vida \u00fatil. COED adec\u00faa a el fondo revolvente a las necesidades \u00fanicas de cada comunidad.<\/p>\n<h6 style=\"text-align: center;\">La participaci\u00f3n de la comunidad<\/h6>\n<p>Ya que las familias se comprometen a \u00a0aportar esta contribuci\u00f3n, significa que tienen un inter\u00e9s personal en que el programa sea exitoso. Desde que el programa inici\u00f3 en el 2001, 33 centros de tecnolog\u00eda educativa han reemplazado su equipo al menos una vez, utilizando el fondo revolvente.<\/p>\n<p>Cuando los centros de tecnolog\u00eda educativa est\u00e1n instalados y en buen funcionamiento, son administrados por cada uno de los Institutos de Ciclo B\u00e1sico, a los cuales COED contin\u00faa dando orientaci\u00f3n y apoyo. COED tambi\u00e9n capacita a los maestros de la comunidad acerca de c\u00f3mo instruir a los estudiantes, as\u00ed como a administrar, utilizar y mantener en buen estado el equipo tecnol\u00f3gico. Los maestros muestran sus conocimientos y habilidades en computaci\u00f3n al tener que aprobar el examen IC3 (Internet and Computing Core Certificaci\u00f3n), o para medir las habilidades en computaci\u00f3n. De esta manera la responsabilidad, el conocimiento y la destreza que se requieren para manejar los diferentes centros recaen sobre la comunidad.<\/p>\n<p>[\/et_pb_text][\/et_pb_column][\/et_pb_row][\/et_pb_section][et_pb_section fb_built=&#8221;1&#8243; admin_label=&#8221;section&#8221; module_class=&#8221;divider-image&#8221; _builder_version=&#8221;4.16&#8243; use_background_color_gradient=&#8221;on&#8221; background_color_gradient_stops=&#8221;#ffffff 0%|rgba(255,255,255,0) 52%&#8221; background_color_gradient_start=&#8221;#ffffff&#8221; background_color_gradient_end=&#8221;rgba(255,255,255,0)&#8221; background_color_gradient_end_position=&#8221;52%&#8221; background_image=&#8221;https:\/\/coeduc.org\/es\/wp-content\/uploads\/2017\/06\/28842736216_67d09b9a13_k.jpg&#8221; background_position=&#8221;top_right&#8221; background_blend=&#8221;overlay&#8221; global_colors_info=&#8221;{}&#8221;][et_pb_row _builder_version=&#8221;4.16&#8243; background_size=&#8221;initial&#8221; background_position=&#8221;top_left&#8221; background_repeat=&#8221;repeat&#8221; global_colors_info=&#8221;{}&#8221;][et_pb_column type=&#8221;4_4&#8243; _builder_version=&#8221;4.16&#8243; custom_padding=&#8221;|||&#8221; global_colors_info=&#8221;{}&#8221; custom_padding__hover=&#8221;|||&#8221;][et_pb_divider show_divider=&#8221;off&#8221; disabled_on=&#8221;on|on|off&#8221; admin_label=&#8221;Separador para deste\u00f1ir de foto&#8211;foto computaci\u00f3n rojo&#8221; _builder_version=&#8221;4.27.4&#8243; height=&#8221;100px&#8221; hover_enabled=&#8221;0&#8243; global_colors_info=&#8221;{}&#8221; sticky_enabled=&#8221;0&#8243;]&nbsp;<br \/>\n[\/et_pb_divider][\/et_pb_column][\/et_pb_row][\/et_pb_section]<\/p>\n","protected":false},"excerpt":{"rendered":"<p>&#8220;Estoy aprendiendo muchas cosas nuevas que antes no fueron accesibles para m\u00ed. \u00a1Ya tengo acceso a un nuevo mundo!&#8221; \u2013 Brenda, estudiante de primero b\u00e1sico en Instituto El Aguacate &nbsp; &nbsp; &nbsp; 95% de los estudiantes utilizan las destrezas adquiridas para continuar sus estudios o para adquirir un empleo mejor remunerado. &nbsp; El 97% de [&hellip;]<\/p>\n","protected":false},"author":1,"featured_media":0,"parent":0,"menu_order":0,"comment_status":"closed","ping_status":"closed","template":"","meta":{"_et_pb_use_builder":"on","_et_pb_old_content":"","_et_gb_content_width":"","footnotes":""},"class_list":["post-78","page","type-page","status-publish","hentry"],"yoast_head":"<!-- This site is optimized with the Yoast SEO plugin v27.3 - https:\/\/yoast.com\/product\/yoast-seo-wordpress\/ -->\n<title>Centros de Tecnolog\u00eda - Cooperative for Education<\/title>\n<meta name=\"robots\" content=\"index, follow, max-snippet:-1, max-image-preview:large, max-video-preview:-1\" \/>\n<link rel=\"canonical\" href=\"https:\/\/coeduc.org\/es\/tecnologia\/\" \/>\n<meta property=\"og:locale\" content=\"en_US\" \/>\n<meta property=\"og:type\" content=\"article\" \/>\n<meta property=\"og:title\" content=\"Centros de Tecnolog\u00eda - Cooperative for Education\" \/>\n<meta property=\"og:description\" content=\"&quot;Estoy aprendiendo muchas cosas nuevas que antes no fueron accesibles para m\u00ed. \u00a1Ya tengo acceso a un nuevo mundo!&quot; \u2013 Brenda, estudiante de primero b\u00e1sico en Instituto El Aguacate &nbsp; &nbsp; &nbsp; 95% de los estudiantes utilizan las destrezas adquiridas para continuar sus estudios o para adquirir un empleo mejor remunerado. &nbsp; El 97% de [&hellip;]\" \/>\n<meta property=\"og:url\" content=\"https:\/\/coeduc.org\/es\/tecnologia\/\" \/>\n<meta property=\"og:site_name\" content=\"Cooperative for Education\" \/>\n<meta property=\"article:modified_time\" content=\"2025-04-17T18:41:49+00:00\" \/>\n<meta name=\"twitter:card\" content=\"summary_large_image\" \/>\n<meta name=\"twitter:label1\" content=\"Est. reading time\" \/>\n\t<meta name=\"twitter:data1\" content=\"3 minutes\" \/>\n<script type=\"application\/ld+json\" class=\"yoast-schema-graph\">{\"@context\":\"https:\\\/\\\/schema.org\",\"@graph\":[{\"@type\":\"WebPage\",\"@id\":\"https:\\\/\\\/coeduc.org\\\/es\\\/tecnologia\\\/\",\"url\":\"https:\\\/\\\/coeduc.org\\\/es\\\/tecnologia\\\/\",\"name\":\"Centros de Tecnolog\u00eda - Cooperative for Education\",\"isPartOf\":{\"@id\":\"https:\\\/\\\/coeduc.org\\\/es\\\/#website\"},\"datePublished\":\"2017-06-14T17:54:49+00:00\",\"dateModified\":\"2025-04-17T18:41:49+00:00\",\"breadcrumb\":{\"@id\":\"https:\\\/\\\/coeduc.org\\\/es\\\/tecnologia\\\/#breadcrumb\"},\"inLanguage\":\"en-US\",\"potentialAction\":[{\"@type\":\"ReadAction\",\"target\":[\"https:\\\/\\\/coeduc.org\\\/es\\\/tecnologia\\\/\"]}]},{\"@type\":\"BreadcrumbList\",\"@id\":\"https:\\\/\\\/coeduc.org\\\/es\\\/tecnologia\\\/#breadcrumb\",\"itemListElement\":[{\"@type\":\"ListItem\",\"position\":1,\"name\":\"Home\",\"item\":\"https:\\\/\\\/coeduc.org\\\/es\\\/\"},{\"@type\":\"ListItem\",\"position\":2,\"name\":\"Centros de Tecnolog\u00eda\"}]},{\"@type\":\"WebSite\",\"@id\":\"https:\\\/\\\/coeduc.org\\\/es\\\/#website\",\"url\":\"https:\\\/\\\/coeduc.org\\\/es\\\/\",\"name\":\"Cooperative for Education\",\"description\":\"Breaking the Cycle of Poverty in Guatemala\",\"potentialAction\":[{\"@type\":\"SearchAction\",\"target\":{\"@type\":\"EntryPoint\",\"urlTemplate\":\"https:\\\/\\\/coeduc.org\\\/es\\\/?s={search_term_string}\"},\"query-input\":{\"@type\":\"PropertyValueSpecification\",\"valueRequired\":true,\"valueName\":\"search_term_string\"}}],\"inLanguage\":\"en-US\"}]}<\/script>\n<!-- \/ Yoast SEO plugin. -->","yoast_head_json":{"title":"Centros de Tecnolog\u00eda - Cooperative for Education","robots":{"index":"index","follow":"follow","max-snippet":"max-snippet:-1","max-image-preview":"max-image-preview:large","max-video-preview":"max-video-preview:-1"},"canonical":"https:\/\/coeduc.org\/es\/tecnologia\/","og_locale":"en_US","og_type":"article","og_title":"Centros de Tecnolog\u00eda - Cooperative for Education","og_description":"\"Estoy aprendiendo muchas cosas nuevas que antes no fueron accesibles para m\u00ed. \u00a1Ya tengo acceso a un nuevo mundo!\" \u2013 Brenda, estudiante de primero b\u00e1sico en Instituto El Aguacate &nbsp; &nbsp; &nbsp; 95% de los estudiantes utilizan las destrezas adquiridas para continuar sus estudios o para adquirir un empleo mejor remunerado. &nbsp; El 97% de [&hellip;]","og_url":"https:\/\/coeduc.org\/es\/tecnologia\/","og_site_name":"Cooperative for Education","article_modified_time":"2025-04-17T18:41:49+00:00","twitter_card":"summary_large_image","twitter_misc":{"Est. reading time":"3 minutes"},"schema":{"@context":"https:\/\/schema.org","@graph":[{"@type":"WebPage","@id":"https:\/\/coeduc.org\/es\/tecnologia\/","url":"https:\/\/coeduc.org\/es\/tecnologia\/","name":"Centros de Tecnolog\u00eda - Cooperative for Education","isPartOf":{"@id":"https:\/\/coeduc.org\/es\/#website"},"datePublished":"2017-06-14T17:54:49+00:00","dateModified":"2025-04-17T18:41:49+00:00","breadcrumb":{"@id":"https:\/\/coeduc.org\/es\/tecnologia\/#breadcrumb"},"inLanguage":"en-US","potentialAction":[{"@type":"ReadAction","target":["https:\/\/coeduc.org\/es\/tecnologia\/"]}]},{"@type":"BreadcrumbList","@id":"https:\/\/coeduc.org\/es\/tecnologia\/#breadcrumb","itemListElement":[{"@type":"ListItem","position":1,"name":"Home","item":"https:\/\/coeduc.org\/es\/"},{"@type":"ListItem","position":2,"name":"Centros de Tecnolog\u00eda"}]},{"@type":"WebSite","@id":"https:\/\/coeduc.org\/es\/#website","url":"https:\/\/coeduc.org\/es\/","name":"Cooperative for Education","description":"Breaking the Cycle of Poverty in Guatemala","potentialAction":[{"@type":"SearchAction","target":{"@type":"EntryPoint","urlTemplate":"https:\/\/coeduc.org\/es\/?s={search_term_string}"},"query-input":{"@type":"PropertyValueSpecification","valueRequired":true,"valueName":"search_term_string"}}],"inLanguage":"en-US"}]}},"_links":{"self":[{"href":"https:\/\/coeduc.org\/es\/wp-json\/wp\/v2\/pages\/78","targetHints":{"allow":["GET"]}}],"collection":[{"href":"https:\/\/coeduc.org\/es\/wp-json\/wp\/v2\/pages"}],"about":[{"href":"https:\/\/coeduc.org\/es\/wp-json\/wp\/v2\/types\/page"}],"author":[{"embeddable":true,"href":"https:\/\/coeduc.org\/es\/wp-json\/wp\/v2\/users\/1"}],"replies":[{"embeddable":true,"href":"https:\/\/coeduc.org\/es\/wp-json\/wp\/v2\/comments?post=78"}],"version-history":[{"count":5,"href":"https:\/\/coeduc.org\/es\/wp-json\/wp\/v2\/pages\/78\/revisions"}],"predecessor-version":[{"id":2954,"href":"https:\/\/coeduc.org\/es\/wp-json\/wp\/v2\/pages\/78\/revisions\/2954"}],"wp:attachment":[{"href":"https:\/\/coeduc.org\/es\/wp-json\/wp\/v2\/media?parent=78"}],"curies":[{"name":"wp","href":"https:\/\/api.w.org\/{rel}","templated":true}]}}